{"id":4,"date":"2015-10-20T09:08:03","date_gmt":"2015-10-20T08:08:03","guid":{"rendered":"https:\/\/startit.qodeinteractive.com\/?page_id=4"},"modified":"2023-06-29T15:09:24","modified_gmt":"2023-06-29T15:09:24","slug":"main-home","status":"publish","type":"page","link":"https:\/\/stabiho.com\/en\/","title":{"rendered":"Main Home"},"content":{"rendered":"<div class=\"vc_row wpb_row vc_row-fluid qodef-section vc_custom_1677240747716 qodef-content-aligment-left qodef-grid-section\" style=\"\"><div class=\"clearfix qodef-section-inner\"><div class=\"qodef-section-inner-margin clearfix\"><div class=\"wpb_column vc_column_container vc_col-sm-12\"><div class=\"vc_column-inner\"><div class=\"wpb_wrapper\"><div class=\"vc_empty_space\"   style=\"height: 50px\"><span class=\"vc_empty_space_inner\"><\/span><\/div>\n\t<div class=\"wpb_text_column wpb_content_element\" >\n\t\t<div class=\"wpb_wrapper\">\n\t\t\t<h2><a href=\"https:\/\/stabiho.com\/en\/construction-du-portefeuille\/\">Our investment philosophy\u00a0<\/a><\/h2>\n\n\t\t<\/div>\n\t<\/div>\n<div class=\"vc_empty_space\"   style=\"height: 25px\"><span class=\"vc_empty_space_inner\"><\/span><\/div><div class=\"qodef-separator-holder clearfix  qodef-separator-center qodef-separator-full-width\">\n\t<div class=\"qodef-separator\" style=\"border-color: #e7e7e7;border-style: solid;border-width: 1px\"><\/div>\n<\/div>\n<\/div><\/div><\/div><\/div><\/div><\/div><div class=\"vc_row wpb_row vc_row-fluid qodef-section custom-color-row vc_custom_1669916899510 qodef-content-aligment-center qodef-grid-section\" style=\"\"><div class=\"clearfix qodef-section-inner\"><div class=\"qodef-section-inner-margin clearfix\"><div class=\"wpb_column vc_column_container vc_col-sm-6 vc_col-lg-3 vc_col-md-6\"><div class=\"vc_column-inner\"><div class=\"wpb_wrapper\">    <span class=\"qodef-icon-animation-holder\" >\n\n    <span class=\"qodef-icon-shortcode normal qodef-icon-animation\" style=\"width: 72px;height: 72px;line-height: 72px\" data-color=\"#0077b8\">\n                     <a class=\"\"  href=\"https:\/\/stabiho.com\/en\/qualite\/\" target=\"_self\">\n        \n        <i class=\"qodef-icon-dripicons dripicon dripicons-thumbs-up qodef-icon-element\" style=\"color: #0077b8;font-size:72px\" ><\/i>\n                    <\/a>\n            <\/span>\n\n    <\/span>\n<div class=\"vc_empty_space\"   style=\"height: 30px\"><span class=\"vc_empty_space_inner\"><\/span><\/div>\n\t<div class=\"wpb_text_column wpb_content_element\" >\n\t\t<div class=\"wpb_wrapper\">\n\t\t\t<h3><a href=\"https:\/\/stabiho.com\/en\/qualite\/\">Quality<\/a><\/h3>\n\n\t\t<\/div>\n\t<\/div>\n<div class=\"vc_empty_space\"   style=\"height: 50px\"><span class=\"vc_empty_space_inner\"><\/span><\/div><\/div><\/div><\/div><div class=\"wpb_column vc_column_container vc_col-sm-6 vc_col-lg-3 vc_col-md-6\"><div class=\"vc_column-inner\"><div class=\"wpb_wrapper\">    <span class=\"qodef-icon-animation-holder\" style=\"transition-delay: 200ms;-webkit-transition-delay: 200ms;-moz-transition-delay: 200ms;-ms-transition-delay: 200ms\">\n\n    <span class=\"qodef-icon-shortcode normal qodef-icon-animation\" style=\"width: 72px;height: 72px;line-height: 72px\" data-animation-delay=\"200\" data-color=\"#0077b8\">\n                     <a class=\"\"  href=\"https:\/\/stabiho.com\/en\/croissance-des-benefices\/\" target=\"_self\">\n        \n        <i class=\"qodef-icon-dripicons dripicon dripicons-graph-bar qodef-icon-element\" style=\"color: #0077b8;font-size:72px\" ><\/i>\n                    <\/a>\n            <\/span>\n\n    <\/span>\n<div class=\"vc_empty_space\"   style=\"height: 30px\"><span class=\"vc_empty_space_inner\"><\/span><\/div>\n\t<div class=\"wpb_text_column wpb_content_element\" >\n\t\t<div class=\"wpb_wrapper\">\n\t\t\t<h3><a href=\"https:\/\/stabiho.com\/en\/croissance-des-benefices\/\">Earnings growth<\/a><\/h3>\n\n\t\t<\/div>\n\t<\/div>\n<div class=\"vc_empty_space\"   style=\"height: 50px\"><span class=\"vc_empty_space_inner\"><\/span><\/div><\/div><\/div><\/div><div class=\"wpb_column vc_column_container vc_col-sm-6 vc_col-lg-3 vc_col-md-6\"><div class=\"vc_column-inner\"><div class=\"wpb_wrapper\">    <span class=\"qodef-icon-animation-holder\" style=\"transition-delay: 400ms;-webkit-transition-delay: 400ms;-moz-transition-delay: 400ms;-ms-transition-delay: 400ms\">\n\n    <span class=\"qodef-icon-shortcode normal qodef-icon-animation\" style=\"width: 72px;height: 72px;line-height: 72px\" data-animation-delay=\"400\" data-color=\"#0077b8\">\n                     <a class=\"\"  href=\"https:\/\/stabiho.com\/en\/dividendes-et-fcf\/\" target=\"_self\">\n        \n        <i class=\"qodef-icon-dripicons dripicon dripicons-graph-pie qodef-icon-element\" style=\"color: #0077b8;font-size:72px\" ><\/i>\n                    <\/a>\n            <\/span>\n\n    <\/span>\n<div class=\"vc_empty_space\"   style=\"height: 30px\"><span class=\"vc_empty_space_inner\"><\/span><\/div>\n\t<div class=\"wpb_text_column wpb_content_element\" >\n\t\t<div class=\"wpb_wrapper\">\n\t\t\t<h3><a href=\"https:\/\/stabiho.com\/en\/dividendes-et-fcf\/\">Dividends<\/a><\/h3>\n\n\t\t<\/div>\n\t<\/div>\n<div class=\"vc_empty_space\"   style=\"height: 50px\"><span class=\"vc_empty_space_inner\"><\/span><\/div><\/div><\/div><\/div><div class=\"wpb_column vc_column_container vc_col-sm-6 vc_col-lg-3 vc_col-md-6\"><div class=\"vc_column-inner\"><div class=\"wpb_wrapper\">    <span class=\"qodef-icon-animation-holder\" style=\"transition-delay: 600ms;-webkit-transition-delay: 600ms;-moz-transition-delay: 600ms;-ms-transition-delay: 600ms\">\n\n    <span class=\"qodef-icon-shortcode normal qodef-icon-animation\" style=\"width: 72px;height: 72px;line-height: 72px\" data-animation-delay=\"600\" data-color=\"#0077b8\">\n                     <a class=\"\"  href=\"https:\/\/stabiho.com\/en\/valorisation\/\" target=\"_self\">\n        \n        <i class=\"qodef-icon-dripicons dripicon dripicons-wallet qodef-icon-element\" style=\"color: #0077b8;font-size:72px\" ><\/i>\n                    <\/a>\n            <\/span>\n\n    <\/span>\n<div class=\"vc_empty_space\"   style=\"height: 30px\"><span class=\"vc_empty_space_inner\"><\/span><\/div>\n\t<div class=\"wpb_text_column wpb_content_element\" >\n\t\t<div class=\"wpb_wrapper\">\n\t\t\t<h3><a href=\"https:\/\/stabiho.com\/en\/valorisation\/\">Valuation<\/a><\/h3>\n\n\t\t<\/div>\n\t<\/div>\n<div class=\"vc_empty_space\"   style=\"height: 50px\"><span class=\"vc_empty_space_inner\"><\/span><\/div><\/div><\/div><\/div><\/div><\/div><\/div><div data-qodef-parallax-speed=\"0.5\" class=\"vc_row wpb_row vc_row-fluid qodef-section vc_custom_1688051363307 qodef-content-aligment-left qodef-parallax-section-holder qodef-parallax-section-holder-touch-disabled qodef-grid-section\" style=\"background-image:url(https:\/\/stabiho.com\/wp-content\/uploads\/2022\/12\/shutterstock_2210742893.jpg);\"><div class=\"clearfix qodef-section-inner\"><div class=\"qodef-section-inner-margin clearfix\"><div class=\"wpb_column vc_column_container vc_col-sm-12\"><div class=\"vc_column-inner\"><div class=\"wpb_wrapper\"><div class=\"vc_empty_space\"   style=\"height: 50px\"><span class=\"vc_empty_space_inner\"><\/span><\/div>\n\t<div class=\"wpb_text_column wpb_content_element\" >\n\t\t<div class=\"wpb_wrapper\">\n\t\t\t<h2><a href=\"https:\/\/stabiho.com\/en\/construction-du-portefeuille\/\">Portfolio construction<\/a><\/h2>\n\n\t\t<\/div>\n\t<\/div>\n<div class=\"vc_empty_space\"   style=\"height: 25px\"><span class=\"vc_empty_space_inner\"><\/span><\/div><div class=\"qodef-separator-holder clearfix  qodef-separator-center qodef-separator-full-width\">\n\t<div class=\"qodef-separator\" style=\"border-color: #000000;border-style: solid;border-width: 1px\"><\/div>\n<\/div>\n<div class=\"vc_row wpb_row vc_inner vc_row-fluid qodef-section vc_custom_1677240644279 qodef-content-aligment-center qodef-grid-section\" style=\"\"><div class=\"qodef-section-inner\"><div class=\"qodef-section-inner-margin clearfix\"><div class=\"wpb_column vc_column_container vc_col-sm-3\"><div class=\"vc_column-inner\"><div class=\"wpb_wrapper\">    <span class=\"qodef-icon-animation-holder\" >\n\n    <span class=\"qodef-icon-shortcode normal qodef-icon-animation\" style=\"width: 72px;height: 72px;line-height: 72px\" data-color=\"#0077b8\">\n                     <a class=\"\"  href=\"https:\/\/stabiho.com\/en\/construction-du-portefeuille\/\" target=\"_self\">\n        \n        <i class=\"qodef-icon-dripicons dripicon dripicons-contract qodef-icon-element\" style=\"color: #0077b8;font-size:72px\" ><\/i>\n                    <\/a>\n            <\/span>\n\n    <\/span>\n<div class=\"vc_empty_space\"   style=\"height: 30px\"><span class=\"vc_empty_space_inner\"><\/span><\/div>\n\t<div class=\"wpb_text_column wpb_content_element\" >\n\t\t<div class=\"wpb_wrapper\">\n\t\t\t<h3><a href=\"https:\/\/stabiho.com\/en\/construction-du-portefeuille\/\">Common sense<\/a><\/h3>\n\n\t\t<\/div>\n\t<\/div>\n<div class=\"vc_empty_space\"   style=\"height: 50px\"><span class=\"vc_empty_space_inner\"><\/span><\/div><\/div><\/div><\/div><div class=\"wpb_column vc_column_container vc_col-sm-3\"><div class=\"vc_column-inner\"><div class=\"wpb_wrapper\">    <span class=\"qodef-icon-animation-holder\" style=\"transition-delay: 400ms;-webkit-transition-delay: 400ms;-moz-transition-delay: 400ms;-ms-transition-delay: 400ms\">\n\n    <span class=\"qodef-icon-shortcode normal qodef-icon-animation\" style=\"width: 72px;height: 72px;line-height: 72px\" data-animation-delay=\"400\" data-color=\"#0077b8\">\n                     <a class=\"\"  href=\"https:\/\/stabiho.com\/en\/construction-du-portefeuille\/\" target=\"_self\">\n        \n        <i class=\"qodef-icon-dripicons dripicon dripicons-star qodef-icon-element\" style=\"color: #0077b8;font-size:72px\" ><\/i>\n                    <\/a>\n            <\/span>\n\n    <\/span>\n<div class=\"vc_empty_space\"   style=\"height: 30px\"><span class=\"vc_empty_space_inner\"><\/span><\/div>\n\t<div class=\"wpb_text_column wpb_content_element\" >\n\t\t<div class=\"wpb_wrapper\">\n\t\t\t<h3><a href=\"https:\/\/stabiho.com\/en\/construction-du-portefeuille\/\">Discipline<\/a><\/h3>\n\n\t\t<\/div>\n\t<\/div>\n<div class=\"vc_empty_space\"   style=\"height: 50px\"><span class=\"vc_empty_space_inner\"><\/span><\/div><\/div><\/div><\/div><div class=\"wpb_column vc_column_container vc_col-sm-3\"><div class=\"vc_column-inner\"><div class=\"wpb_wrapper\">    <span class=\"qodef-icon-animation-holder\" style=\"transition-delay: 200ms;-webkit-transition-delay: 200ms;-moz-transition-delay: 200ms;-ms-transition-delay: 200ms\">\n\n    <span class=\"qodef-icon-shortcode normal qodef-icon-animation\" style=\"width: 72px;height: 72px;line-height: 72px\" data-animation-delay=\"200\" data-color=\"#0077b8\">\n                     <a class=\"\"  href=\"https:\/\/stabiho.com\/en\/construction-du-portefeuille\/\" target=\"_self\">\n        \n        <i class=\"qodef-icon-dripicons dripicon dripicons-alarm qodef-icon-element\" style=\"color: #0077b8;font-size:72px\" ><\/i>\n                    <\/a>\n            <\/span>\n\n    <\/span>\n<div class=\"vc_empty_space\"   style=\"height: 30px\"><span class=\"vc_empty_space_inner\"><\/span><\/div>\n\t<div class=\"wpb_text_column wpb_content_element\" >\n\t\t<div class=\"wpb_wrapper\">\n\t\t\t<h3><a href=\"https:\/\/stabiho.com\/en\/construction-du-portefeuille\/\">Patience<\/a><\/h3>\n\n\t\t<\/div>\n\t<\/div>\n<div class=\"vc_empty_space\"   style=\"height: 50px\"><span class=\"vc_empty_space_inner\"><\/span><\/div><\/div><\/div><\/div><div class=\"wpb_column vc_column_container vc_col-sm-3\"><div class=\"vc_column-inner\"><div class=\"wpb_wrapper\">    <span class=\"qodef-icon-animation-holder\" style=\"transition-delay: 200ms;-webkit-transition-delay: 200ms;-moz-transition-delay: 200ms;-ms-transition-delay: 200ms\">\n\n    <span class=\"qodef-icon-shortcode normal qodef-icon-animation\" style=\"width: 72px;height: 72px;line-height: 72px\" data-animation-delay=\"200\" data-color=\"#0077b8\">\n                     <a class=\"\"  href=\"https:\/\/stabiho.com\/en\/construction-du-portefeuille\/\" target=\"_self\">\n        \n        <i class=\"qodef-icon-dripicons dripicon dripicons-heart qodef-icon-element\" style=\"color: #0077b8;font-size:72px\" ><\/i>\n                    <\/a>\n            <\/span>\n\n    <\/span>\n<div class=\"vc_empty_space\"   style=\"height: 30px\"><span class=\"vc_empty_space_inner\"><\/span><\/div>\n\t<div class=\"wpb_text_column wpb_content_element\" >\n\t\t<div class=\"wpb_wrapper\">\n\t\t\t<h3><a href=\"https:\/\/stabiho.com\/en\/construction-du-portefeuille\/\">Courage<\/a><\/h3>\n\n\t\t<\/div>\n\t<\/div>\n<div class=\"vc_empty_space\"   style=\"height: 50px\"><span class=\"vc_empty_space_inner\"><\/span><\/div><\/div><\/div><\/div><\/div><\/div><\/div><\/div><\/div><\/div><\/div><\/div><\/div><div class=\"vc_row wpb_row vc_row-fluid qodef-section vc_custom_1677240053850 qodef-content-aligment-left\" style=\"\"><div class=\"clearfix qodef-full-section-inner\"><div class=\"wpb_column vc_column_container vc_col-sm-12\"><div class=\"vc_column-inner\"><div class=\"wpb_wrapper\">\n\n\t<div class=\"qodef-call-to-action normal\">\n\n\t\t\t\t<div class=\"qodef-container-inner\">\n\t\t\t\t\t<div class=\"qodef-call-to-action-row-75-25 clearfix\" style=\"padding: 50px 0px;\">\n\t\t\n\t\t\t\t<div class=\"qodef-text-wrapper qodef-call-to-action-column1 qodef-call-to-action-cell\">\n\n\t\t\t\t\n\t\t\t\t\t<div class=\"qodef-call-to-action-text\" >\n\t\t\t\t\t\t\n<h3><span style=\"color: #ffffff;\">Any Question ? Drop us a message !<\/span><\/h3>\n\t\t\t\t\t<\/div>\n\n\t\t\t\t<\/div>\n\n\t\t\t\t\n\t\t\t\t\t<div class=\"qodef-button-wrapper qodef-call-to-action-column2 qodef-call-to-action-cell\" style =\"text-align: right ;\">\n\n\t\t\t\t\t\t<a href=\"https:\/\/stabiho.com\/en\/contact\/\" target=\"_self\" style=\"color: #ffffff;border-color: #ffffff\" class=\"qodef-btn qodef-btn-medium qodef-btn-default qodef-btn-custom-border-hover qodef-btn-icon\" data-hover-border-color=\"#ffffff\" >        <span class=\"qodef-btn-text\">Contact us<\/span>    <span class=\"qodef-btn-text-icon\"><i class=\"qodef-icon-simple-line-icon icon-arrow-right-circle\" ><\/i><\/span><\/a>\n\t\t\t\t\t<\/div>\n\n\t\t\t\t\n\t\t\t<\/div>\n\n\t\t\t\t<\/div>\n\t\t\n\t<\/div>\n\n<\/div><\/div><\/div><\/div><\/div>","protected":false},"excerpt":{"rendered":"Philosophie d\u2019investissement\u00a0 Qualit\u00e9 Croissance des b\u00e9n\u00e9fices Dividendes Valorisation Construction du portefeuille Bon sens Discipline Patience Courage Vous avez des questions ?...","protected":false},"author":1,"featured_media":0,"parent":0,"menu_order":0,"comment_status":"closed","ping_status":"closed","template":"full-width.php","meta":{"om_disable_all_campaigns":false,"_monsterinsights_skip_tracking":false,"_monsterinsights_sitenote_active":false,"_monsterinsights_sitenote_note":"","_monsterinsights_sitenote_category":0,"_uf_show_specific_survey":0,"_uf_disable_surveys":false,"_themeisle_gutenberg_block_has_review":false,"footnotes":""},"class_list":["post-4","page","type-page","status-publish","hentry"],"aioseo_notices":[],"_links":{"self":[{"href":"https:\/\/stabiho.com\/en\/wp-json\/wp\/v2\/pages\/4","targetHints":{"allow":["GET"]}}],"collection":[{"href":"https:\/\/stabiho.com\/en\/wp-json\/wp\/v2\/pages"}],"about":[{"href":"https:\/\/stabiho.com\/en\/wp-json\/wp\/v2\/types\/page"}],"author":[{"embeddable":true,"href":"https:\/\/stabiho.com\/en\/wp-json\/wp\/v2\/users\/1"}],"replies":[{"embeddable":true,"href":"https:\/\/stabiho.com\/en\/wp-json\/wp\/v2\/comments?post=4"}],"version-history":[{"count":154,"href":"https:\/\/stabiho.com\/en\/wp-json\/wp\/v2\/pages\/4\/revisions"}],"predecessor-version":[{"id":6797,"href":"https:\/\/stabiho.com\/en\/wp-json\/wp\/v2\/pages\/4\/revisions\/6797"}],"wp:attachment":[{"href":"https:\/\/stabiho.com\/en\/wp-json\/wp\/v2\/media?parent=4"}],"curies":[{"name":"wp","href":"https:\/\/api.w.org\/{rel}","templated":true}]}}