{"id":6121,"date":"2022-10-19T18:55:24","date_gmt":"2022-10-19T18:55:24","guid":{"rendered":"http:\/\/sparta-gestion.com\/?page_id=6121"},"modified":"2023-10-23T07:27:36","modified_gmt":"2023-10-23T07:27:36","slug":"pourquoi-les-marches-emergent","status":"publish","type":"page","link":"https:\/\/stabiho.com\/en\/pourquoi-les-marches-emergent","title":{"rendered":"Why Emerging Markets?"},"content":{"rendered":"<div class=\"vc_row wpb_row vc_row-fluid qodef-section vc_custom_1666205039971 qodef-content-aligment-left qodef-grid-section\" style=\"\"><div class=\"clearfix qodef-section-inner\"><div class=\"qodef-section-inner-margin clearfix\"><div class=\"wpb_column vc_column_container vc_col-sm-12 vc_col-lg-12 vc_col-md-12\"><div class=\"vc_column-inner\"><div class=\"wpb_wrapper\">\n\t<div class=\"wpb_text_column wpb_content_element\" >\n\t\t<div class=\"wpb_wrapper\">\n\t\t\t<p>First of all, we have a natural interest in emerging countries given our origins. Polish and Venezuelan respectively, we are very close to our countries of birth and carefully observe their respective evolutions, over the long term. It is therefore our roots that have led us to specialize in emerging market investing in the first place and that allow us to understand the realities on the ground, of economic, social or political order, better than many others.<\/p>\n\n\t\t<\/div>\n\t<\/div>\n<div class=\"vc_empty_space\"   style=\"height: 25px\"><span class=\"vc_empty_space_inner\"><\/span><\/div><div class=\"qodef-separator-holder clearfix  qodef-separator-center qodef-separator-full-width\">\n\t<div class=\"qodef-separator\" style=\"border-color: #e7e7e7;border-style: solid;border-width: 1px\"><\/div>\n<\/div>\n<div class=\"vc_empty_space\"   style=\"height: 25px\"><span class=\"vc_empty_space_inner\"><\/span><\/div>\n\t<div class=\"wpb_text_column wpb_content_element\" >\n\t\t<div class=\"wpb_wrapper\">\n\t\t\t<h2>Our objectives<\/h2>\n\n\t\t<\/div>\n\t<\/div>\n<div class=\"vc_empty_space\"   style=\"height: 25px\"><span class=\"vc_empty_space_inner\"><\/span><\/div><div class=\"qodef-separator-holder clearfix  qodef-separator-center qodef-separator-full-width\">\n\t<div class=\"qodef-separator\" style=\"border-color: #e7e7e7;border-style: solid;border-width: 1px\"><\/div>\n<\/div>\n<div class=\"vc_empty_space\"   style=\"height: 25px\"><span class=\"vc_empty_space_inner\"><\/span><\/div>\n\t<div class=\"wpb_text_column wpb_content_element\" >\n\t\t<div class=\"wpb_wrapper\">\n\t\t\t<p>Due to their less developed status and the natural willingness of their populations to enjoy \u201cthe western way of life\u201d, emerging economies tend to grow in a dynamic fashion. The expansion and aspiration of the middle class, the improvement of infrastructure, the export of manufactured goods and raw materials, the acceleration of the capacity for innovation are among the key trends that are at the base of this dynamism.<\/p>\n\n\t\t<\/div>\n\t<\/div>\n<div class=\"vc_empty_space\"   style=\"height: 25px\"><span class=\"vc_empty_space_inner\"><\/span><\/div><div class=\"vc_empty_space\"   style=\"height: 25px\"><span class=\"vc_empty_space_inner\"><\/span><\/div>\n\t<div class=\"wpb_text_column wpb_content_element\" >\n\t\t<div class=\"wpb_wrapper\">\n\t\t\t<h3>Our first objective is therefore to capture the many opportunities linked to the growth and development of emerging countries.<\/h3>\n\n\t\t<\/div>\n\t<\/div>\n<div class=\"vc_empty_space\"   style=\"height: 25px\"><span class=\"vc_empty_space_inner\"><\/span><\/div>\n\t<div class=\"wpb_text_column wpb_content_element\" >\n\t\t<div class=\"wpb_wrapper\">\n\t\t\t<p>The growth of developing countries goes hand in hand with cyclicality which is inherent to the emerging ecosystem, and which is mainly linked to its dependence on external funding, predominantly in USD. Historically, emerging markets went from boom to bust and from bust to boom, which typically lasted about a decade each. For investors, these cycles have meant great joy and deep pain. The functioning of the emerging machine is unlikely to change in the future, although its mechanics may change somewhat due to China's growing role in the global economy and its tentacular expansion. In addition, other shortcomings, of institutional or legal nature, increase the level of risks associated with emerging investments.<\/p>\n\n\t\t<\/div>\n\t<\/div>\n<div class=\"vc_empty_space\"   style=\"height: 25px\"><span class=\"vc_empty_space_inner\"><\/span><\/div><div class=\"vc_empty_space\"   style=\"height: 25px\"><span class=\"vc_empty_space_inner\"><\/span><\/div>\n\t<div class=\"wpb_text_column wpb_content_element\" >\n\t\t<div class=\"wpb_wrapper\">\n\t\t\t<h3>Our second objective is therefore to reduce the risks specific to the emerging world and therefore to best protect the capital of our clients, thanks to:<\/h3>\n\n\t\t<\/div>\n\t<\/div>\n<div class=\"vc_empty_space\"   style=\"height: 25px\"><span class=\"vc_empty_space_inner\"><\/span><\/div>\n\t<div class=\"wpb_text_column wpb_content_element\" >\n\t\t<div class=\"wpb_wrapper\">\n\t\t\t<ul>\n<li>a rigorous selection of quality companies with below-average business model risks<\/li>\n<li>strict valuation discipline<\/li>\n<li>a contrarian approach to portfolio construction<\/li>\n<li>an analysis of economic and liquidity cycles of emerging markets.<\/li>\n<\/ul>\n\n\t\t<\/div>\n\t<\/div>\n<div class=\"vc_empty_space\"   style=\"height: 25px\"><span class=\"vc_empty_space_inner\"><\/span><\/div><div class=\"qodef-separator-holder clearfix  qodef-separator-center qodef-separator-full-width\">\n\t<div class=\"qodef-separator\" style=\"border-color: #e7e7e7;border-style: solid;border-width: 1px\"><\/div>\n<\/div>\n<div class=\"vc_empty_space\"   style=\"height: 25px\"><span class=\"vc_empty_space_inner\"><\/span><\/div>\n\t<div class=\"wpb_text_column wpb_content_element\" >\n\t\t<div class=\"wpb_wrapper\">\n\t\t\t<h2>How the emerging markets machine works ?<\/h2>\n\n\t\t<\/div>\n\t<\/div>\n<div class=\"vc_empty_space\"   style=\"height: 25px\"><span class=\"vc_empty_space_inner\"><\/span><\/div><div class=\"qodef-separator-holder clearfix  qodef-separator-center qodef-separator-full-width\">\n\t<div class=\"qodef-separator\" style=\"border-color: #e7e7e7;border-style: solid;border-width: 1px\"><\/div>\n<\/div>\n<div class=\"vc_empty_space\"   style=\"height: 25px\"><span class=\"vc_empty_space_inner\"><\/span><\/div>\n\t<div  class=\"wpb_single_image wpb_content_element vc_align_left\">\n\t\t\n\t\t<figure class=\"wpb_wrapper vc_figure\">\n\t\t\t<div class=\"vc_single_image-wrapper   vc_box_border_grey\"><img loading=\"lazy\" decoding=\"async\" width=\"1202\" height=\"858\" src=\"https:\/\/stabiho.com\/wp-content\/uploads\/2022\/12\/Table.png\" class=\"vc_single_image-img attachment-full\" alt=\"\" title=\"Table FR@1x\" srcset=\"https:\/\/stabiho.com\/wp-content\/uploads\/2022\/12\/Table.png 2286w, https:\/\/stabiho.com\/wp-content\/uploads\/2022\/12\/Table-300x206.png 300w, https:\/\/stabiho.com\/wp-content\/uploads\/2022\/12\/Table-1024x702.png 1024w, https:\/\/stabiho.com\/wp-content\/uploads\/2022\/12\/Table-768x527.png 768w, https:\/\/stabiho.com\/wp-content\/uploads\/2022\/12\/Table-1536x1054.png 1536w, https:\/\/stabiho.com\/wp-content\/uploads\/2022\/12\/Table-2048x1405.png 2048w, https:\/\/stabiho.com\/wp-content\/uploads\/2022\/12\/Table-18x12.png 18w\" sizes=\"auto, (max-width: 1202px) 100vw, 1202px\" \/><\/div>\n\t\t<\/figure>\n\t<\/div>\n<\/div><\/div><\/div><\/div><\/div><\/div>","protected":false},"excerpt":{"rendered":"Tout d\u2019abord, nous portons un int\u00e9r\u00eat naturel aux pays \u00e9mergents compte tenu de nos origines. De nationalit\u00e9 polonaise et v\u00e9n\u00e9zu\u00e9lienne respectivement,...","protected":false},"author":1,"featured_media":0,"parent":0,"menu_order":0,"comment_status":"closed","ping_status":"closed","template":"full-width.php","meta":{"om_disable_all_campaigns":false,"_monsterinsights_skip_tracking":false,"_monsterinsights_sitenote_active":false,"_monsterinsights_sitenote_note":"","_monsterinsights_sitenote_category":0,"_uf_show_specific_survey":0,"_uf_disable_surveys":false,"_themeisle_gutenberg_block_has_review":false,"footnotes":""},"class_list":["post-6121","page","type-page","status-publish","hentry"],"aioseo_notices":[],"_links":{"self":[{"href":"https:\/\/stabiho.com\/en\/wp-json\/wp\/v2\/pages\/6121","targetHints":{"allow":["GET"]}}],"collection":[{"href":"https:\/\/stabiho.com\/en\/wp-json\/wp\/v2\/pages"}],"about":[{"href":"https:\/\/stabiho.com\/en\/wp-json\/wp\/v2\/types\/page"}],"author":[{"embeddable":true,"href":"https:\/\/stabiho.com\/en\/wp-json\/wp\/v2\/users\/1"}],"replies":[{"embeddable":true,"href":"https:\/\/stabiho.com\/en\/wp-json\/wp\/v2\/comments?post=6121"}],"version-history":[{"count":23,"href":"https:\/\/stabiho.com\/en\/wp-json\/wp\/v2\/pages\/6121\/revisions"}],"predecessor-version":[{"id":7109,"href":"https:\/\/stabiho.com\/en\/wp-json\/wp\/v2\/pages\/6121\/revisions\/7109"}],"wp:attachment":[{"href":"https:\/\/stabiho.com\/en\/wp-json\/wp\/v2\/media?parent=6121"}],"curies":[{"name":"wp","href":"https:\/\/api.w.org\/{rel}","templated":true}]}}