{"id":6137,"date":"2022-10-19T20:41:33","date_gmt":"2022-10-19T20:41:33","guid":{"rendered":"http:\/\/sparta-gestion.com\/?page_id=6137"},"modified":"2023-06-06T17:52:32","modified_gmt":"2023-06-06T17:52:32","slug":"croissance-des-benefices","status":"publish","type":"page","link":"https:\/\/stabiho.com\/en\/croissance-des-benefices","title":{"rendered":"Earnings growth"},"content":{"rendered":"<div class=\"vc_row wpb_row vc_row-fluid qodef-section vc_custom_1666123854692 qodef-content-aligment-left qodef-grid-section\" style=\"\"><div class=\"clearfix qodef-section-inner\"><div class=\"qodef-section-inner-margin clearfix\"><div class=\"wpb_column vc_column_container vc_col-sm-12\"><div class=\"vc_column-inner\"><div class=\"wpb_wrapper\">\n\t<div class=\"wpb_text_column wpb_content_element\" >\n\t\t<div class=\"wpb_wrapper\">\n\t\t\t<h3>Our professional carrier has primarily exposed us to a growth investing style.<\/h3>\n\n\t\t<\/div>\n\t<\/div>\n<div class=\"vc_empty_space\"   style=\"height: 50px\"><span class=\"vc_empty_space_inner\"><\/span><\/div>\n\t<div class=\"wpb_text_column wpb_content_element\" >\n\t\t<div class=\"wpb_wrapper\">\n\t\t\t<p>The correlation between earnings and stock price is well entrenched in our reasoning when analyzing companies. Earnings growth is particularly important for long-term investors, as it is the primary driver of appreciation in a company's intrinsic value. Profit growth is therefore the essential condition for the capitalization of the investment.<\/p>\n\n\t\t<\/div>\n\t<\/div>\n\n\t<div class=\"wpb_text_column wpb_content_element\" >\n\t\t<div class=\"wpb_wrapper\">\n\t\t\t<p>At the same time, extrapolating past earnings growth to infinity, especially when historical growth has been strong, can be na\u00efve. Every growth story has an end and even the strongest franchise will eventually be attacked by competition, new technologies, regulations or changing consumer preferences.<\/p>\n\n\t\t<\/div>\n\t<\/div>\n<div class=\"vc_empty_space\"   style=\"height: 25px\"><span class=\"vc_empty_space_inner\"><\/span><\/div><div class=\"qodef-separator-holder clearfix  qodef-separator-center qodef-separator-full-width\">\n\t<div class=\"qodef-separator\" style=\"border-color: #e7e7e7;border-style: solid;border-width: 1px\"><\/div>\n<\/div>\n<div class=\"vc_empty_space\"   style=\"height: 25px\"><span class=\"vc_empty_space_inner\"><\/span><\/div>\n\t<div class=\"wpb_text_column wpb_content_element\" >\n\t\t<div class=\"wpb_wrapper\">\n\t\t\t<p>Companies generating strong earnings growth over an extended period gain market recognition and tend to trade at high valuations. They can become arrogant and over time make increasingly bold strategic moves that often end up being mistakes. The higher the valuation multiple, the greater the requirement in understanding the moat, reading the strategy, and estimating future earnings. Indeed, highly valued companies pay a higher-than-average price for disappointment. Moreover, these same companies attract more interest from competitors and must defend their competitive advantages more and more vigorously. Some of them succeed, defy gravity, and provide decades of growth for their shareholders. However, these are rare exceptions.<\/p>\n\n\t\t<\/div>\n\t<\/div>\n<div class=\"vc_empty_space\"   style=\"height: 25px\"><span class=\"vc_empty_space_inner\"><\/span><\/div><div class=\"qodef-separator-holder clearfix  qodef-separator-center qodef-separator-full-width\">\n\t<div class=\"qodef-separator\" style=\"border-color: #e7e7e7;border-style: solid;border-width: 1px\"><\/div>\n<\/div>\n<div class=\"vc_empty_space\"   style=\"height: 25px\"><span class=\"vc_empty_space_inner\"><\/span><\/div>\n\t<div class=\"wpb_text_column wpb_content_element\" >\n\t\t<div class=\"wpb_wrapper\">\n\t\t\t<p>Accurately predicting growth and its longevity is a delicate exercise. Therefore, particular caution is required when dealing with companies \u201csupposed to grow infinitely\u201d and so highly valued. On the contrary, companies with more modest growth but with a potential for acceleration can offer great opportunities because they are often neglected by investors. The improvement in the economic situation, the return to the average profitability, the structural evolution of the dynamics of growth, are among the sources of positive change.<\/p>\n\n\t\t<\/div>\n\t<\/div>\n\n\t<div class=\"wpb_text_column wpb_content_element\" >\n\t\t<div class=\"wpb_wrapper\">\n\t\t\t<p>Solid growth generators are great potential investments, and we always actively search for those where the market misinterprets growth momentum and\/or its longevity.<\/p>\n\n\t\t<\/div>\n\t<\/div>\n<div class=\"vc_empty_space\"   style=\"height: 25px\"><span class=\"vc_empty_space_inner\"><\/span><\/div><\/div><\/div><\/div><\/div><\/div><\/div>","protected":false},"excerpt":{"rendered":"Notre parcours professionnel nous a principalement expos\u00e9s \u00e0 un style d\u2019investissement de croissance. La corr\u00e9lation entre les b\u00e9n\u00e9fices et le cours...","protected":false},"author":1,"featured_media":0,"parent":0,"menu_order":0,"comment_status":"closed","ping_status":"closed","template":"full-width.php","meta":{"om_disable_all_campaigns":false,"_monsterinsights_skip_tracking":false,"_monsterinsights_sitenote_active":false,"_monsterinsights_sitenote_note":"","_monsterinsights_sitenote_category":0,"_uf_show_specific_survey":0,"_uf_disable_surveys":false,"_themeisle_gutenberg_block_has_review":false,"footnotes":""},"class_list":["post-6137","page","type-page","status-publish","hentry"],"aioseo_notices":[],"_links":{"self":[{"href":"https:\/\/stabiho.com\/en\/wp-json\/wp\/v2\/pages\/6137","targetHints":{"allow":["GET"]}}],"collection":[{"href":"https:\/\/stabiho.com\/en\/wp-json\/wp\/v2\/pages"}],"about":[{"href":"https:\/\/stabiho.com\/en\/wp-json\/wp\/v2\/types\/page"}],"author":[{"embeddable":true,"href":"https:\/\/stabiho.com\/en\/wp-json\/wp\/v2\/users\/1"}],"replies":[{"embeddable":true,"href":"https:\/\/stabiho.com\/en\/wp-json\/wp\/v2\/comments?post=6137"}],"version-history":[{"count":8,"href":"https:\/\/stabiho.com\/en\/wp-json\/wp\/v2\/pages\/6137\/revisions"}],"predecessor-version":[{"id":6476,"href":"https:\/\/stabiho.com\/en\/wp-json\/wp\/v2\/pages\/6137\/revisions\/6476"}],"wp:attachment":[{"href":"https:\/\/stabiho.com\/en\/wp-json\/wp\/v2\/media?parent=6137"}],"curies":[{"name":"wp","href":"https:\/\/api.w.org\/{rel}","templated":true}]}}