{"id":6154,"date":"2022-10-19T21:22:03","date_gmt":"2022-10-19T21:22:03","guid":{"rendered":"http:\/\/sparta-gestion.com\/?page_id=6154"},"modified":"2023-08-30T12:57:57","modified_gmt":"2023-08-30T12:57:57","slug":"construction-du-portefeuille","status":"publish","type":"page","link":"https:\/\/stabiho.com\/en\/construction-du-portefeuille","title":{"rendered":"Portfolio construction"},"content":{"rendered":"<div class=\"vc_row wpb_row vc_row-fluid qodef-section vc_custom_1666205039971 qodef-content-aligment-left qodef-grid-section\" style=\"\"><div class=\"clearfix qodef-section-inner\"><div class=\"qodef-section-inner-margin clearfix\"><div class=\"wpb_column vc_column_container vc_col-sm-12 vc_col-lg-12 vc_col-md-12\"><div class=\"vc_column-inner\"><div class=\"wpb_wrapper\">\n\t<div class=\"wpb_text_column wpb_content_element\" >\n\t\t<div class=\"wpb_wrapper\">\n\t\t\t<h3>Even though there are many theories on portfolio construction, the magic formula has yet to be discovered.<\/h3>\n\n\t\t<\/div>\n\t<\/div>\n<div class=\"vc_empty_space\"   style=\"height: 25px\"><span class=\"vc_empty_space_inner\"><\/span><\/div><div class=\"qodef-separator-holder clearfix  qodef-separator-center qodef-separator-full-width\">\n\t<div class=\"qodef-separator\" style=\"border-color: #e7e7e7;border-style: solid;border-width: 1px\"><\/div>\n<\/div>\n<div class=\"vc_empty_space\"   style=\"height: 25px\"><span class=\"vc_empty_space_inner\"><\/span><\/div>\n\t<div class=\"wpb_text_column wpb_content_element\" >\n\t\t<div class=\"wpb_wrapper\">\n\t\t\t<p>Beyond the fundamentals of companies and their valuations of the moment, our portfolio construction process is based on:<\/p>\n<ul>\n<li>The Growth, Dividend, Quality and Valuation Quartet whose instruments express themselves with different power at different times.<\/li>\n<li>Tools such as common sense, patience, pragmatism, or courage that we can use thanks to our independence and our artisanal spirit.<\/li>\n<\/ul>\n<p>&nbsp;<\/p>\n<p>We have already used the instruments of the Quartet when selecting the companies, but they are also involved in the construction of the portfolio. Indeed, depending on market developments, some of these instruments will become more, or less loud to be in harmony with the others. While Growth and Dividends remain the drivers of value creation, and therefore of the fund's absolute performance, Quality and Valuation protect the capital as much as possible during shocks by avoiding catastrophic scenarios.<\/p>\n\n\t\t<\/div>\n\t<\/div>\n<\/div><\/div><\/div><\/div><\/div><\/div><div class=\"vc_row wpb_row vc_row-fluid qodef-section vc_custom_1667838297312 qodef-content-aligment-left qodef-grid-section\" style=\"\"><div class=\"clearfix qodef-section-inner\"><div class=\"qodef-section-inner-margin clearfix\"><div class=\"wpb_column vc_column_container vc_col-sm-12\"><div class=\"vc_column-inner\"><div class=\"wpb_wrapper\">\n\t<div class=\"wpb_text_column wpb_content_element\" >\n\t\t<div class=\"wpb_wrapper\">\n\t\t\t<h2>Portfolio construction Equalizer<\/h2>\n\n\t\t<\/div>\n\t<\/div>\n<div class=\"vc_empty_space\"   style=\"height: 25px\"><span class=\"vc_empty_space_inner\"><\/span><\/div><div class=\"qodef-separator-holder clearfix  qodef-separator-center qodef-separator-full-width\">\n\t<div class=\"qodef-separator\" style=\"border-color: #e7e7e7;border-style: solid;border-width: 1px\"><\/div>\n<\/div>\n<div class=\"vc_empty_space\"   style=\"height: 25px\"><span class=\"vc_empty_space_inner\"><\/span><\/div><div class=\"vc_row wpb_row vc_inner vc_row-fluid qodef-section qodef-content-aligment-center\" style=\"\"><div class=\"qodef-full-section-inner\"><div class=\"wpb_column vc_column_container vc_col-sm-6 vc_col-lg-6 vc_col-md-12\"><div class=\"vc_column-inner\"><div class=\"wpb_wrapper\">\n\t<div  class=\"wpb_single_image wpb_content_element vc_align_center\">\n\t\t\n\t\t<figure class=\"wpb_wrapper vc_figure\">\n\t\t\t<div class=\"vc_single_image-wrapper   vc_box_border_grey\"><img loading=\"lazy\" decoding=\"async\" width=\"1024\" height=\"636\" src=\"https:\/\/stabiho.com\/wp-content\/uploads\/2022\/12\/Graph2-1.svg\" class=\"vc_single_image-img attachment-large\" alt=\"\" title=\"Graph2 FR\" sizes=\"auto, (max-width: 1024px) 100vw, 1024px\" \/><\/div>\n\t\t<\/figure>\n\t<\/div>\n<div class=\"vc_empty_space\"   style=\"height: 25px\"><span class=\"vc_empty_space_inner\"><\/span><\/div><\/div><\/div><\/div><div class=\"wpb_column vc_column_container vc_col-sm-6\"><div class=\"vc_column-inner\"><div class=\"wpb_wrapper\">\n\t<div  class=\"wpb_single_image wpb_content_element vc_align_center\">\n\t\t\n\t\t<figure class=\"wpb_wrapper vc_figure\">\n\t\t\t<div class=\"vc_single_image-wrapper   vc_box_border_grey\"><img loading=\"lazy\" decoding=\"async\" width=\"1024\" height=\"636\" src=\"https:\/\/stabiho.com\/wp-content\/uploads\/2022\/12\/Graph1-1.svg\" class=\"vc_single_image-img attachment-large\" alt=\"\" title=\"Graph1 FR\" sizes=\"auto, (max-width: 1024px) 100vw, 1024px\" \/><\/div>\n\t\t<\/figure>\n\t<\/div>\n<div class=\"vc_empty_space\"   style=\"height: 25px\"><span class=\"vc_empty_space_inner\"><\/span><\/div><\/div><\/div><\/div><\/div><\/div><div class=\"vc_empty_space\"   style=\"height: 25px\"><span class=\"vc_empty_space_inner\"><\/span><\/div><\/div><\/div><\/div><\/div><\/div><\/div><div class=\"vc_row wpb_row vc_row-fluid qodef-section vc_custom_1666123854692 qodef-content-aligment-left qodef-grid-section\" style=\"\"><div class=\"clearfix qodef-section-inner\"><div class=\"qodef-section-inner-margin clearfix\"><div class=\"wpb_column vc_column_container vc_col-sm-12\"><div class=\"vc_column-inner\"><div class=\"wpb_wrapper\">\n\t<div class=\"wpb_text_column wpb_content_element\" >\n\t\t<div class=\"wpb_wrapper\">\n\t\t\t<p>Among the Quartet, Quality is the instrument whose music must constantly resonate, and which therefore constitutes the musical background of the portfolio. For long-term investors, Quality is indeed the guarantee of the sustainability of growth and dividends.<\/p>\n<p>Growth in earnings per share and the ability to distribute dividends are the drivers of value creation for corporate stocks over the long term. However, these two instruments do not necessarily have to always play with the same intensity.<\/p>\n<p>In certain market configurations, especially when the overall economic growth is low, investors tend to reward companies capable of delivering some growth. Sometimes, this premium reaches unreasonable levels and therefore future returns may melt down or even become negative, even if the expected growth does indeed materialize. The risk is even greater in the event of disappointment in relation to high expectations.<\/p>\n\n\t\t<\/div>\n\t<\/div>\n<div class=\"vc_empty_space\"   style=\"height: 25px\"><span class=\"vc_empty_space_inner\"><\/span><\/div><div class=\"qodef-separator-holder clearfix  qodef-separator-center qodef-separator-full-width\">\n\t<div class=\"qodef-separator\" style=\"border-color: #e7e7e7;border-style: solid;border-width: 1px\"><\/div>\n<\/div>\n<div class=\"vc_empty_space\"   style=\"height: 25px\"><span class=\"vc_empty_space_inner\"><\/span><\/div>\n\t<div class=\"wpb_text_column wpb_content_element\" >\n\t\t<div class=\"wpb_wrapper\">\n\t\t\t<p>It may then be appropriate to consider quality companies with lower growth but with a high dividend distribution capacity and trading at reasonable prices. This makes it possible to escape the compression of premiums and valuation multiples of the so-called \u201cgrowth at any price\u201d companies. In other words, when Growth is expensive, the Dividend instrument is expected to play louder.<\/p>\n\n\t\t<\/div>\n\t<\/div>\n\n\t<div class=\"wpb_text_column wpb_content_element\" >\n\t\t<div class=\"wpb_wrapper\">\n\t\t\t<p>Valuation not only protects against excessive market optimism but must also reflect the micro and macro risks of each investment. When investors become less rigorous and risks rise, the sound of Valuation must be heard more.<\/p>\n<p>Particular and permanent dexterity in handling the Growth, Dividend, Quality and Valuation Quartet is necessary in order to produce an optimal portfolio. More growth can justify its higher valuation and vice versa. On the other hand, more dividends and a more reasonable valuation make it easier to get through difficult times.<\/p>\n\n\t\t<\/div>\n\t<\/div>\n<div class=\"vc_empty_space\"   style=\"height: 25px\"><span class=\"vc_empty_space_inner\"><\/span><\/div><div class=\"qodef-separator-holder clearfix  qodef-separator-center qodef-separator-full-width\">\n\t<div class=\"qodef-separator\" style=\"border-color: #e7e7e7;border-style: solid;border-width: 1px\"><\/div>\n<\/div>\n<div class=\"vc_empty_space\"   style=\"height: 25px\"><span class=\"vc_empty_space_inner\"><\/span><\/div>\n\t<div class=\"wpb_text_column wpb_content_element\" >\n\t\t<div class=\"wpb_wrapper\">\n\t\t\t<p>A portfolio can be understood as a picture or as a film. We have so far discussed the pictures. When we watch the movie, our portfolio tools come into play, including:<\/p>\n<ul>\n<li><strong>Patience:<\/strong> The time horizon is beyond 3 years to allow our investments to express themselves. Also, as we do not know how to predict THE moment, we move forward in small steps to build our positions or to get out of them, or to make them evolve over time. Although some opportunities may be lost, major errors are generally avoided.<\/li>\n<li><strong>Discipline:<\/strong>\u00a0To apply our principles, our roadmap is clear, which also allows us to take a step back and avoid getting trapped in short-term pitfalls.<\/li>\n<li><strong>Common sense:<\/strong> In a world moving faster and faster and faced with an abundance of poor-quality information, the ability to make independent decisions is crucial.<\/li>\n<li><strong>Courage:<\/strong> \u00a0It is easy to stay with the crowd and be right or wrong with others, but much harder to follow your own path.<\/li>\n<\/ul>\n\n\t\t<\/div>\n\t<\/div>\n<div class=\"vc_empty_space\"   style=\"height: 25px\"><span class=\"vc_empty_space_inner\"><\/span><\/div><div class=\"qodef-separator-holder clearfix  qodef-separator-center qodef-separator-full-width\">\n\t<div class=\"qodef-separator\" style=\"border-color: #e7e7e7;border-style: solid;border-width: 1px\"><\/div>\n<\/div>\n<div class=\"vc_empty_space\"   style=\"height: 25px\"><span class=\"vc_empty_space_inner\"><\/span><\/div>\n\t<div class=\"wpb_text_column wpb_content_element\" >\n\t\t<div class=\"wpb_wrapper\">\n\t\t\t<h5>Our portfolio tools help us ensure that the evolution of the portfolio over time is done smoothly, so that the succession of pictures forms a coherent film that is faithful to our principles.<\/h5>\n\n\t\t<\/div>\n\t<\/div>\n<\/div><\/div><\/div><\/div><\/div><\/div>","protected":false},"excerpt":{"rendered":"M\u00eame s\u2019il existe de nombreuses th\u00e9ories sur la construction de portefeuille, la formule magique n\u2019a pas encore \u00e9t\u00e9 d\u00e9couverte. Au-del\u00e0 des...","protected":false},"author":1,"featured_media":0,"parent":0,"menu_order":0,"comment_status":"closed","ping_status":"closed","template":"full-width.php","meta":{"om_disable_all_campaigns":false,"_monsterinsights_skip_tracking":false,"_monsterinsights_sitenote_active":false,"_monsterinsights_sitenote_note":"","_monsterinsights_sitenote_category":0,"_uf_show_specific_survey":0,"_uf_disable_surveys":false,"_themeisle_gutenberg_block_has_review":false,"footnotes":""},"class_list":["post-6154","page","type-page","status-publish","hentry"],"aioseo_notices":[],"_links":{"self":[{"href":"https:\/\/stabiho.com\/en\/wp-json\/wp\/v2\/pages\/6154","targetHints":{"allow":["GET"]}}],"collection":[{"href":"https:\/\/stabiho.com\/en\/wp-json\/wp\/v2\/pages"}],"about":[{"href":"https:\/\/stabiho.com\/en\/wp-json\/wp\/v2\/types\/page"}],"author":[{"embeddable":true,"href":"https:\/\/stabiho.com\/en\/wp-json\/wp\/v2\/users\/1"}],"replies":[{"embeddable":true,"href":"https:\/\/stabiho.com\/en\/wp-json\/wp\/v2\/comments?post=6154"}],"version-history":[{"count":17,"href":"https:\/\/stabiho.com\/en\/wp-json\/wp\/v2\/pages\/6154\/revisions"}],"predecessor-version":[{"id":6979,"href":"https:\/\/stabiho.com\/en\/wp-json\/wp\/v2\/pages\/6154\/revisions\/6979"}],"wp:attachment":[{"href":"https:\/\/stabiho.com\/en\/wp-json\/wp\/v2\/media?parent=6154"}],"curies":[{"name":"wp","href":"https:\/\/api.w.org\/{rel}","templated":true}]}}