{"id":309,"date":"2015-10-21T11:25:55","date_gmt":"2015-10-21T10:25:55","guid":{"rendered":"https:\/\/startit.qodeinteractive.com\/?page_id=309"},"modified":"2023-10-19T08:44:33","modified_gmt":"2023-10-19T08:44:33","slug":"services","status":"publish","type":"page","link":"https:\/\/stabiho.com\/fr\/services","title":{"rendered":"Notre exp\u00e9rience"},"content":{"rendered":"<div class=\"vc_row wpb_row vc_row-fluid qodef-section vc_custom_1666114109405 qodef-content-aligment-left qodef-grid-section\" style=\"\"><div class=\"clearfix qodef-section-inner\"><div class=\"qodef-section-inner-margin clearfix\"><div class=\"wpb_column vc_column_container vc_col-sm-12\"><div class=\"vc_column-inner\"><div class=\"wpb_wrapper\">\n\t<div class=\"wpb_text_column wpb_content_element \" >\n\t\t<div class=\"wpb_wrapper\">\n\t\t\t<h3>G\u00e9rants de portefeuille sp\u00e9cialis\u00e9s sur les bourses des pays \u00e9mergents, nous cumulons 40 ann\u00e9es d\u2019exp\u00e9rience acquise pour l\u2019essentiel au sein de l\u2019une des plus belles boutiques d\u2019investissement ind\u00e9pendantes d\u2019Europe.<\/h3>\n\n\t\t<\/div>\n\t<\/div>\n<div class=\"vc_empty_space\"   style=\"height: 25px\"><span class=\"vc_empty_space_inner\"><\/span><\/div><div class=\"qodef-separator-holder clearfix  qodef-separator-center qodef-separator-full-width\">\n\t<div class=\"qodef-separator\" style=\"border-color: #e7e7e7;border-style: solid;border-width: 1px\"><\/div>\n<\/div>\n<div class=\"vc_empty_space\"   style=\"height: 25px\"><span class=\"vc_empty_space_inner\"><\/span><\/div>\n\t<div  class=\"wpb_single_image wpb_content_element vc_align_left\">\n\t\t\n\t\t<figure class=\"wpb_wrapper vc_figure\">\n\t\t\t<div class=\"vc_single_image-wrapper   vc_box_border_grey\"><img loading=\"lazy\" decoding=\"async\" width=\"1900\" height=\"1419\" src=\"https:\/\/stabiho.com\/wp-content\/uploads\/2022\/12\/20221114-sparta4052.jpg\" class=\"vc_single_image-img attachment-full\" alt=\"\" title=\"20221114-sparta4052\" srcset=\"https:\/\/stabiho.com\/wp-content\/uploads\/2022\/12\/20221114-sparta4052.jpg 1900w, https:\/\/stabiho.com\/wp-content\/uploads\/2022\/12\/20221114-sparta4052-300x224.jpg 300w, https:\/\/stabiho.com\/wp-content\/uploads\/2022\/12\/20221114-sparta4052-1024x765.jpg 1024w, https:\/\/stabiho.com\/wp-content\/uploads\/2022\/12\/20221114-sparta4052-768x574.jpg 768w, https:\/\/stabiho.com\/wp-content\/uploads\/2022\/12\/20221114-sparta4052-1536x1147.jpg 1536w, https:\/\/stabiho.com\/wp-content\/uploads\/2022\/12\/20221114-sparta4052-16x12.jpg 16w\" sizes=\"auto, (max-width: 1900px) 100vw, 1900px\" \/><\/div>\n\t\t<\/figure>\n\t<\/div>\n<div class=\"vc_empty_space\"   style=\"height: 25px\"><span class=\"vc_empty_space_inner\"><\/span><\/div><div class=\"qodef-separator-holder clearfix  qodef-separator-center qodef-separator-full-width\">\n\t<div class=\"qodef-separator\" style=\"border-color: #e7e7e7;border-style: solid;border-width: 1px\"><\/div>\n<\/div>\n<div class=\"vc_empty_space\"   style=\"height: 25px\"><span class=\"vc_empty_space_inner\"><\/span><\/div>\n\t<div class=\"wpb_text_column wpb_content_element \" >\n\t\t<div class=\"wpb_wrapper\">\n\t\t\t<h3>Notre approche d\u2019investissement a \u00e9t\u00e9 structur\u00e9e par :<\/h3>\n\n\t\t<\/div>\n\t<\/div>\n<\/div><\/div><\/div><\/div><\/div><\/div><div class=\"vc_row wpb_row vc_row-fluid qodef-section qodef-content-aligment-left qodef-grid-section\" style=\"\"><div class=\"clearfix qodef-section-inner\"><div class=\"qodef-section-inner-margin clearfix\"><div class=\"wpb_column vc_column_container vc_col-sm-6\"><div class=\"vc_column-inner\"><div class=\"wpb_wrapper\"><div class=\"qodef-icon-list-item\">\n\t<div class=\"qodef-icon-list-icon-holder\">\n        <div class=\"qodef-icon-list-icon-holder-inner clearfix\">\n\t\t\t<i class=\"qodef-icon-font-awesome fa fa-check-circle \" style=\"color:#0077b8;font-size:22px\" ><\/i>\t\t<\/div>\n\t<\/div>\n\t<p class=\"qodef-icon-list-text\"  > Un apprentissage intensif aupr\u00e8s de gestionnaires de portefeuille seniors, talentueux et qui ont largement fait leurs preuves<\/p>\n<\/div><div class=\"vc_empty_space\"   style=\"height: 25px\"><span class=\"vc_empty_space_inner\"><\/span><\/div><div class=\"qodef-icon-list-item\">\n\t<div class=\"qodef-icon-list-icon-holder\">\n        <div class=\"qodef-icon-list-icon-holder-inner clearfix\">\n\t\t\t<i class=\"qodef-icon-font-awesome fa fa-check-circle \" style=\"color:#0077b8;font-size:22px\" ><\/i>\t\t<\/div>\n\t<\/div>\n\t<p class=\"qodef-icon-list-text\"  > Des ann\u00e9es d\u2019analyse fondamentale \u00ab bottom-up \u00bb des soci\u00e9t\u00e9s compl\u00e9t\u00e9e par une couche de macro-\u00e9conomie \u00ab top-down \u00bb<\/p>\n<\/div><div class=\"vc_empty_space\"   style=\"height: 25px\"><span class=\"vc_empty_space_inner\"><\/span><\/div><div class=\"qodef-icon-list-item\">\n\t<div class=\"qodef-icon-list-icon-holder\">\n        <div class=\"qodef-icon-list-icon-holder-inner clearfix\">\n\t\t\t<i class=\"qodef-icon-font-awesome fa fa-check-circle \" style=\"color:#0077b8;font-size:22px\" ><\/i>\t\t<\/div>\n\t<\/div>\n\t<p class=\"qodef-icon-list-text\"  > Des ann\u00e9es de travail en \u00e9quipe qui nous ont expos\u00e9s \u00e0 la complexit\u00e9 de la psychologie d\u2019investisseur, \u00e0 la divergence des sensibilit\u00e9s individuelles et aux effets de mode des march\u00e9s<\/p>\n<\/div><\/div><\/div><\/div><div class=\"wpb_column vc_column_container vc_col-sm-6\"><div class=\"vc_column-inner\"><div class=\"wpb_wrapper\"><div class=\"qodef-icon-list-item\">\n\t<div class=\"qodef-icon-list-icon-holder\">\n        <div class=\"qodef-icon-list-icon-holder-inner clearfix\">\n\t\t\t<i class=\"qodef-icon-font-awesome fa fa-check-circle \" style=\"color:#0077b8;font-size:22px\" ><\/i>\t\t<\/div>\n\t<\/div>\n\t<p class=\"qodef-icon-list-text\"  > Des ann\u00e9es de nos propres d\u00e9cisions, bonnes et mauvaises, qui nous ont aid\u00e9s \u00e0 comprendre nos forces et faiblesses<\/p>\n<\/div><div class=\"vc_empty_space\"   style=\"height: 25px\"><span class=\"vc_empty_space_inner\"><\/span><\/div><div class=\"qodef-icon-list-item\">\n\t<div class=\"qodef-icon-list-icon-holder\">\n        <div class=\"qodef-icon-list-icon-holder-inner clearfix\">\n\t\t\t<i class=\"qodef-icon-font-awesome fa fa-check-circle \" style=\"color:#0077b8;font-size:22px\" ><\/i>\t\t<\/div>\n\t<\/div>\n\t<p class=\"qodef-icon-list-text\"  > Un cadre op\u00e9rationnel caract\u00e9ris\u00e9 par l\u2019ind\u00e9pendance de pens\u00e9e propice \u00e0 la formation de convictions fortes et de long terme<\/p>\n<\/div><div class=\"vc_empty_space\"   style=\"height: 25px\"><span class=\"vc_empty_space_inner\"><\/span><\/div><div class=\"qodef-icon-list-item\">\n\t<div class=\"qodef-icon-list-icon-holder\">\n        <div class=\"qodef-icon-list-icon-holder-inner clearfix\">\n\t\t\t<i class=\"qodef-icon-font-awesome fa fa-check-circle \" style=\"color:#0077b8;font-size:22px\" ><\/i>\t\t<\/div>\n\t<\/div>\n\t<p class=\"qodef-icon-list-text\"  > Une exposition aux p\u00e9riodes de sur-performance et de sous-performance des portefeuilles que nous g\u00e9rions.<\/p>\n<\/div><\/div><\/div><\/div><\/div><\/div><\/div><div class=\"vc_row wpb_row vc_row-fluid qodef-section vc_custom_1666114095706 qodef-content-aligment-left qodef-grid-section\" style=\"\"><div class=\"clearfix qodef-section-inner\"><div class=\"qodef-section-inner-margin clearfix\"><div class=\"wpb_column vc_column_container vc_col-sm-12\"><div class=\"vc_column-inner\"><div class=\"wpb_wrapper\"><div class=\"qodef-separator-holder clearfix  qodef-separator-center qodef-separator-full-width\">\n\t<div class=\"qodef-separator\" style=\"border-color: #e7e7e7;border-style: solid;border-width: 1px\"><\/div>\n<\/div>\n<div class=\"vc_empty_space\"   style=\"height: 25px\"><span class=\"vc_empty_space_inner\"><\/span><\/div>\n\t<div class=\"wpb_text_column wpb_content_element \" >\n\t\t<div class=\"wpb_wrapper\">\n\t\t\t<h5>Riches de ces connaissances, nous avons cr\u00e9\u00e9 une soci\u00e9t\u00e9 de gestion \u00e0 caract\u00e8re artisanal et patrimonial, totalement ind\u00e9pendante, donnant priorit\u00e9 \u00e0 une gestion active de conviction et focalis\u00e9e sur un seul fonds, <strong>Stabiho Emerging Markets<\/strong>.<\/h5>\n\n\t\t<\/div>\n\t<\/div>\n<div class=\"vc_empty_space\"   style=\"height: 25px\"><span class=\"vc_empty_space_inner\"><\/span><\/div><\/div><\/div><\/div><\/div><\/div><\/div>\n","protected":false},"excerpt":{"rendered":"G\u00e9rants de portefeuille sp\u00e9cialis\u00e9s sur les bourses des pays \u00e9mergents, nous cumulons 40 ann\u00e9es d\u2019exp\u00e9rience acquise pour l\u2019essentiel au sein de...","protected":false},"author":1,"featured_media":0,"parent":0,"menu_order":0,"comment_status":"closed","ping_status":"closed","template":"full-width.php","meta":{"om_disable_all_campaigns":false,"_monsterinsights_skip_tracking":false,"_monsterinsights_sitenote_active":false,"_monsterinsights_sitenote_note":"","_monsterinsights_sitenote_category":0,"_uf_show_specific_survey":0,"_uf_disable_surveys":false,"_themeisle_gutenberg_block_has_review":false,"footnotes":""},"class_list":["post-309","page","type-page","status-publish","hentry"],"aioseo_notices":[],"_links":{"self":[{"href":"https:\/\/stabiho.com\/fr\/wp-json\/wp\/v2\/pages\/309","targetHints":{"allow":["GET"]}}],"collection":[{"href":"https:\/\/stabiho.com\/fr\/wp-json\/wp\/v2\/pages"}],"about":[{"href":"https:\/\/stabiho.com\/fr\/wp-json\/wp\/v2\/types\/page"}],"author":[{"embeddable":true,"href":"https:\/\/stabiho.com\/fr\/wp-json\/wp\/v2\/users\/1"}],"replies":[{"embeddable":true,"href":"https:\/\/stabiho.com\/fr\/wp-json\/wp\/v2\/comments?post=309"}],"version-history":[{"count":50,"href":"https:\/\/stabiho.com\/fr\/wp-json\/wp\/v2\/pages\/309\/revisions"}],"predecessor-version":[{"id":6463,"href":"https:\/\/stabiho.com\/fr\/wp-json\/wp\/v2\/pages\/309\/revisions\/6463"}],"wp:attachment":[{"href":"https:\/\/stabiho.com\/fr\/wp-json\/wp\/v2\/media?parent=309"}],"curies":[{"name":"wp","href":"https:\/\/api.w.org\/{rel}","templated":true}]}}