{"id":6047,"date":"2022-10-18T17:11:31","date_gmt":"2022-10-18T17:11:31","guid":{"rendered":"http:\/\/sparta-gestion.com\/?page_id=6047"},"modified":"2024-01-16T14:46:37","modified_gmt":"2024-01-16T14:46:37","slug":"biographies","status":"publish","type":"page","link":"https:\/\/stabiho.com\/fr\/biographies","title":{"rendered":"Biographies"},"content":{"rendered":"<div class=\"vc_row wpb_row vc_row-fluid qodef-section vc_custom_1666113839649 qodef-content-aligment-left qodef-grid-section\" style=\"\"><div class=\"clearfix qodef-section-inner\"><div class=\"qodef-section-inner-margin clearfix\"><div class=\"wpb_column vc_column_container vc_col-sm-12 vc_col-lg-5 vc_col-md-12\"><div class=\"vc_column-inner\"><div class=\"wpb_wrapper\"><div class=\"vc_empty_space\"   style=\"height: 4px\"><span class=\"vc_empty_space_inner\"><\/span><\/div>\n\t<div  class=\"wpb_single_image wpb_content_element vc_align_left\">\n\t\t\n\t\t<figure class=\"wpb_wrapper vc_figure\">\n\t\t\t<div class=\"vc_single_image-wrapper   vc_box_border_grey\"><img loading=\"lazy\" decoding=\"async\" width=\"1200\" height=\"1800\" src=\"https:\/\/stabiho.com\/wp-content\/uploads\/2022\/12\/20221114-sparta-Wojtek.jpg\" class=\"vc_single_image-img attachment-full\" alt=\"\" title=\"20221114-sparta-Wojtek\" srcset=\"https:\/\/stabiho.com\/wp-content\/uploads\/2022\/12\/20221114-sparta-Wojtek.jpg 1200w, https:\/\/stabiho.com\/wp-content\/uploads\/2022\/12\/20221114-sparta-Wojtek-200x300.jpg 200w, https:\/\/stabiho.com\/wp-content\/uploads\/2022\/12\/20221114-sparta-Wojtek-683x1024.jpg 683w, https:\/\/stabiho.com\/wp-content\/uploads\/2022\/12\/20221114-sparta-Wojtek-768x1152.jpg 768w, https:\/\/stabiho.com\/wp-content\/uploads\/2022\/12\/20221114-sparta-Wojtek-1024x1536.jpg 1024w, https:\/\/stabiho.com\/wp-content\/uploads\/2022\/12\/20221114-sparta-Wojtek-8x12.jpg 8w\" sizes=\"auto, (max-width: 1200px) 100vw, 1200px\" \/><\/div>\n\t\t<\/figure>\n\t<\/div>\n<div class=\"vc_empty_space\"   style=\"height: 40px\"><span class=\"vc_empty_space_inner\"><\/span><\/div><\/div><\/div><\/div><div class=\"wpb_column vc_column_container vc_col-sm-12 vc_col-lg-7 vc_col-md-12\"><div class=\"vc_column-inner\"><div class=\"wpb_wrapper\">\n\t<div class=\"wpb_text_column wpb_content_element \" >\n\t\t<div class=\"wpb_wrapper\">\n\t\t\t<h2>Wojciech Stanislawski<\/h2>\n\n\t\t<\/div>\n\t<\/div>\n<div class=\"vc_empty_space\"   style=\"height: 10px\"><span class=\"vc_empty_space_inner\"><\/span><\/div>\n\t<div class=\"wpb_text_column wpb_content_element \" >\n\t\t<div class=\"wpb_wrapper\">\n\t\t\t<h3>G\u00e9rant de portefeuille<\/h3>\n\n\t\t<\/div>\n\t<\/div>\n<div class=\"vc_empty_space\"   style=\"height: 30px\"><span class=\"vc_empty_space_inner\"><\/span><\/div>\n\t<div class=\"wpb_text_column wpb_content_element \" >\n\t\t<div class=\"wpb_wrapper\">\n\t\t\t<p>Wojciech a pass\u00e9 l\u2019essentiel de sa carri\u00e8re chez Comgest qu\u2019il a rejoint au d\u00e9but de 1999 en tant qu\u2019analyste financier des entreprises provenant des pays de l\u2019est de l\u2019Europe.<\/p>\n\n\t\t<\/div>\n\t<\/div>\n<div class=\"vc_empty_space\"   style=\"height: 25px\"><span class=\"vc_empty_space_inner\"><\/span><\/div>\n\t<div class=\"wpb_text_column wpb_content_element \" >\n\t\t<div class=\"wpb_wrapper\">\n\t\t\t<p>En 2000, il a \u00e9t\u00e9 nomm\u00e9 co-g\u00e9rant de la strat\u00e9gie march\u00e9s \u00e9mergents, \u00e0 l\u2019\u00e9poque le plus petit segment d\u2019activit\u00e9 de Comgest (AUM : 30M\u20ac). Jusqu\u2019en 2020, Wojciech a jou\u00e9 un r\u00f4le cl\u00e9 dans la gestion des fonds \u00e9mergents, publics et mandats, et a supervis\u00e9 un nombre de strat\u00e9gies annexes (Am\u00e9rique Latine, Inde, Promising Companies). En tant que co-responsable puis responsable de l\u2019\u00e9quipe march\u00e9s \u00e9mergents bas\u00e9e \u00e0 Paris (2013-2019), il a tr\u00e8s activement particip\u00e9 \u00e0 la croissance des actifs sous gestion qui au moment de son d\u00e9sengagement atteignaient circa 13Md\u20ac. Actionnaire et partenaire senior, Wojciech a \u00e9t\u00e9 par ailleurs fortement impliqu\u00e9 dans la vie soci\u00e9tale de Comgest, comme membre des Comit\u00e9s Ex\u00e9cutif, d\u2019Investissement et des Risques.<\/p>\n\n\t\t<\/div>\n\t<\/div>\n<div class=\"vc_empty_space\"   style=\"height: 25px\"><span class=\"vc_empty_space_inner\"><\/span><\/div>\n\t<div class=\"wpb_text_column wpb_content_element \" >\n\t\t<div class=\"wpb_wrapper\">\n\t\t\t<p>2020 fut une ann\u00e9e de transition o\u00f9 Wojciech a aid\u00e9 Comgest \u00e0 \u00e9tablir une succursale commerciale en Belgique tout en se d\u00e9sengageant progressivement de la gestion des fonds \u00e9mergents qu\u2019il a officiellement arr\u00eat\u00e9e en d\u00e9cembre 2020. Ne se sentant pas totalement \u00e0 l\u2019aise dans un r\u00f4le purement commercial, Wojciech a quitt\u00e9 Comgest en Septembre 2021.<\/p>\n\n\t\t<\/div>\n\t<\/div>\n<div class=\"vc_empty_space\"   style=\"height: 25px\"><span class=\"vc_empty_space_inner\"><\/span><\/div>\n\t<div class=\"wpb_text_column wpb_content_element \" >\n\t\t<div class=\"wpb_wrapper\">\n\t\t\t<p>Wojciech est titulaire d\u2019une double Maitrise en Gestion d\u2019Entreprises et Finances des March\u00e9s ainsi que d\u2019un DESS Techniques Financi\u00e8res et Bancaires, dipl\u00f4mes obtenus \u00e0 l\u2019Universit\u00e9 Panth\u00e9on Assas \u00e0 Paris.<\/p>\n\n\t\t<\/div>\n\t<\/div>\n<div class=\"vc_empty_space\"   style=\"height: 25px\"><span class=\"vc_empty_space_inner\"><\/span><\/div>\n\t<div class=\"wpb_text_column wpb_content_element \" >\n\t\t<div class=\"wpb_wrapper\">\n\t\t\t<p>N\u00e9 en 1975 en Pologne, Franco-Polonais, Wojciech est p\u00e8re de trois adolescents. Dans son temps libre du travail et de la famille, il s\u2019occupe de ses quelques voitures \u00ab youngtimers \u00bb, apprend \u00e0 jouer au golf, \u00e9coute de la musique et lit.<\/p>\n\n\t\t<\/div>\n\t<\/div>\n<\/div><\/div><\/div><\/div><\/div><\/div><div class=\"vc_row wpb_row vc_row-fluid qodef-section vc_custom_1666115800755 qodef-content-aligment-left qodef-grid-section\" style=\"\"><div class=\"clearfix qodef-section-inner\"><div class=\"qodef-section-inner-margin clearfix\"><div class=\"wpb_column vc_column_container vc_col-sm-12 vc_col-lg-5 vc_col-md-12\"><div class=\"vc_column-inner\"><div class=\"wpb_wrapper\"><div class=\"vc_empty_space\"   style=\"height: 4px\"><span class=\"vc_empty_space_inner\"><\/span><\/div>\n\t<div  class=\"wpb_single_image wpb_content_element vc_align_left\">\n\t\t\n\t\t<figure class=\"wpb_wrapper vc_figure\">\n\t\t\t<div class=\"vc_single_image-wrapper   vc_box_border_grey\"><img loading=\"lazy\" decoding=\"async\" width=\"1200\" height=\"1800\" src=\"https:\/\/stabiho.com\/wp-content\/uploads\/2022\/12\/20221114-sparta-charles.jpg\" class=\"vc_single_image-img attachment-full\" alt=\"\" title=\"20221114-sparta-charles\" srcset=\"https:\/\/stabiho.com\/wp-content\/uploads\/2022\/12\/20221114-sparta-charles.jpg 1200w, https:\/\/stabiho.com\/wp-content\/uploads\/2022\/12\/20221114-sparta-charles-200x300.jpg 200w, https:\/\/stabiho.com\/wp-content\/uploads\/2022\/12\/20221114-sparta-charles-683x1024.jpg 683w, https:\/\/stabiho.com\/wp-content\/uploads\/2022\/12\/20221114-sparta-charles-768x1152.jpg 768w, https:\/\/stabiho.com\/wp-content\/uploads\/2022\/12\/20221114-sparta-charles-1024x1536.jpg 1024w, https:\/\/stabiho.com\/wp-content\/uploads\/2022\/12\/20221114-sparta-charles-8x12.jpg 8w\" sizes=\"auto, (max-width: 1200px) 100vw, 1200px\" \/><\/div>\n\t\t<\/figure>\n\t<\/div>\n<div class=\"vc_empty_space\"   style=\"height: 40px\"><span class=\"vc_empty_space_inner\"><\/span><\/div><\/div><\/div><\/div><div class=\"wpb_column vc_column_container vc_col-sm-12 vc_col-lg-7 vc_col-md-12\"><div class=\"vc_column-inner\"><div class=\"wpb_wrapper\">\n\t<div class=\"wpb_text_column wpb_content_element \" >\n\t\t<div class=\"wpb_wrapper\">\n\t\t\t<h2>Charles Biderman<\/h2>\n\n\t\t<\/div>\n\t<\/div>\n<div class=\"vc_empty_space\"   style=\"height: 10px\"><span class=\"vc_empty_space_inner\"><\/span><\/div>\n\t<div class=\"wpb_text_column wpb_content_element \" >\n\t\t<div class=\"wpb_wrapper\">\n\t\t\t<h3>G\u00e9rant de portefeuille<\/h3>\n\n\t\t<\/div>\n\t<\/div>\n<div class=\"vc_empty_space\"   style=\"height: 30px\"><span class=\"vc_empty_space_inner\"><\/span><\/div>\n\t<div class=\"wpb_text_column wpb_content_element \" >\n\t\t<div class=\"wpb_wrapper\">\n\t\t\t<p>Charles a d\u00e9couvert le monde de la finance chez Comgest qu\u2019il a connu encore \u00e9tudiant en 2004. Il a formellement rejoint l\u2019\u00e9quipe \u00e9mergente en 2006 pour analyser les entreprises d\u2019Am\u00e9rique Latine.<\/p>\n<p>&nbsp;<\/p>\n<p>A cette date, et apr\u00e8s quelques belles ann\u00e9es de performances absolues et relatives, les actifs sous gestion des march\u00e9s \u00e9mergents se rapprochaient de 1Md\u20ac avant de conna\u00eetre une forte croissance. Une organisation horizontale et la bienveillance de professionnels d\u2019exp\u00e9rience ont permis \u00e0 Charles de rapidement progresser en responsabilit\u00e9s. Son exposition g\u00e9ographique a \u00e9t\u00e9 \u00e9tendue et il a vite particip\u00e9 \u00e0 la gestion des fonds r\u00e9gionaux et \u00e9mergents. Charles a \u00e9galement \u00e9t\u00e9 tr\u00e8s actif dans la relation avec la client\u00e8le de Comgest, nouvelle et existante. Il a \u00e9t\u00e9 officiellement nomm\u00e9 co-g\u00e9rant de la strat\u00e9gie \u00e9mergente en 2016, r\u00f4le qu\u2019il a gard\u00e9 jusqu\u2019\u00e0 son d\u00e9part en 2021.<\/p>\n\n\t\t<\/div>\n\t<\/div>\n<div class=\"vc_empty_space\"   style=\"height: 25px\"><span class=\"vc_empty_space_inner\"><\/span><\/div>\n\t<div class=\"wpb_text_column wpb_content_element \" >\n\t\t<div class=\"wpb_wrapper\">\n\t\t\t<p>En parall\u00e8le, en tant qu\u2019actionnaire de Comgest, Charles s\u2019est beaucoup int\u00e9ress\u00e9 \u00e0 la vie de la soci\u00e9t\u00e9, en contribuant aux d\u00e9cisions strat\u00e9giques (logiciel front-to-back, r\u00e8gles de liquidit\u00e9 des fonds) ou bien en participant au Comit\u00e9 de R\u00e9mun\u00e9ration. Charles a d\u00e9cid\u00e9 de mettre fin \u00e0 son parcours chez Comgest en\u00a0 d\u00e9cembre 2021 pour laisser place \u00e0 une nouvelle aventure entrepreneuriale.<\/p>\n\n\t\t<\/div>\n\t<\/div>\n<div class=\"vc_empty_space\"   style=\"height: 25px\"><span class=\"vc_empty_space_inner\"><\/span><\/div>\n\t<div class=\"wpb_text_column wpb_content_element \" >\n\t\t<div class=\"wpb_wrapper\">\n\t\t\t<p>Charles est titulaire d\u2019un double dipl\u00f4me Ing\u00e9nieur-Manager obtenu \u00e0 Telecom Sud Paris avec sp\u00e9cialisation en finance \u00e0 l\u2019Institut Mines-T\u00e9l\u00e9com Business School (IMT-BS).<\/p>\n\n\t\t<\/div>\n\t<\/div>\n<div class=\"vc_empty_space\"   style=\"height: 25px\"><span class=\"vc_empty_space_inner\"><\/span><\/div>\n\t<div class=\"wpb_text_column wpb_content_element \" >\n\t\t<div class=\"wpb_wrapper\">\n\t\t\t<p>N\u00e9 en 1982 au Venezuela, Franco-V\u00e9n\u00e9zu\u00e9lien, Charles est p\u00e8re de deux enfants formidables. Dans son temps libre, il aime voyager, go\u00fbter de bons vins et lire.<\/p>\n\n\t\t<\/div>\n\t<\/div>\n<\/div><\/div><\/div><\/div><\/div><\/div><div class=\"vc_row wpb_row vc_row-fluid qodef-section vc_custom_1666113839649 qodef-content-aligment-left qodef-grid-section\" style=\"\"><div class=\"clearfix qodef-section-inner\"><div class=\"qodef-section-inner-margin clearfix\"><div class=\"wpb_column vc_column_container vc_col-sm-12 vc_col-lg-5 vc_col-md-12\"><div class=\"vc_column-inner\"><div class=\"wpb_wrapper\"><div class=\"vc_empty_space\"   style=\"height: 4px\"><span class=\"vc_empty_space_inner\"><\/span><\/div>\n\t<div  class=\"wpb_single_image wpb_content_element vc_align_left\">\n\t\t\n\t\t<figure class=\"wpb_wrapper vc_figure\">\n\t\t\t<div class=\"vc_single_image-wrapper   vc_box_border_grey\"><img loading=\"lazy\" decoding=\"async\" width=\"1200\" height=\"1800\" src=\"https:\/\/stabiho.com\/wp-content\/uploads\/2022\/12\/20221114-sparta-benjamin.jpg\" class=\"vc_single_image-img attachment-full\" alt=\"\" title=\"20221114-sparta-benjamin\" srcset=\"https:\/\/stabiho.com\/wp-content\/uploads\/2022\/12\/20221114-sparta-benjamin.jpg 1200w, https:\/\/stabiho.com\/wp-content\/uploads\/2022\/12\/20221114-sparta-benjamin-200x300.jpg 200w, https:\/\/stabiho.com\/wp-content\/uploads\/2022\/12\/20221114-sparta-benjamin-683x1024.jpg 683w, https:\/\/stabiho.com\/wp-content\/uploads\/2022\/12\/20221114-sparta-benjamin-768x1152.jpg 768w, https:\/\/stabiho.com\/wp-content\/uploads\/2022\/12\/20221114-sparta-benjamin-1024x1536.jpg 1024w, https:\/\/stabiho.com\/wp-content\/uploads\/2022\/12\/20221114-sparta-benjamin-8x12.jpg 8w\" sizes=\"auto, (max-width: 1200px) 100vw, 1200px\" \/><\/div>\n\t\t<\/figure>\n\t<\/div>\n<div class=\"vc_empty_space\"   style=\"height: 40px\"><span class=\"vc_empty_space_inner\"><\/span><\/div><\/div><\/div><\/div><div class=\"wpb_column vc_column_container vc_col-sm-12 vc_col-lg-7 vc_col-md-12\"><div class=\"vc_column-inner\"><div class=\"wpb_wrapper\">\n\t<div class=\"wpb_text_column wpb_content_element \" >\n\t\t<div class=\"wpb_wrapper\">\n\t\t\t<h2>Benjamin Hottin<\/h2>\n\n\t\t<\/div>\n\t<\/div>\n<div class=\"vc_empty_space\"   style=\"height: 10px\"><span class=\"vc_empty_space_inner\"><\/span><\/div>\n\t<div class=\"wpb_text_column wpb_content_element \" >\n\t\t<div class=\"wpb_wrapper\">\n\t\t\t<h3>Directeur des Op\u00e9rations<\/h3>\n\n\t\t<\/div>\n\t<\/div>\n<div class=\"vc_empty_space\"   style=\"height: 30px\"><span class=\"vc_empty_space_inner\"><\/span><\/div>\n\t<div class=\"wpb_text_column wpb_content_element \" >\n\t\t<div class=\"wpb_wrapper\">\n\t\t\t<p>Benjamin a d\u00e9but\u00e9 son parcours professionnel chez Comgest en 2007, tout d&rsquo;abord en tant que stagiaire analyste pour l&rsquo;\u00e9quipe Pays \u00c9mergents puis dans un r\u00f4le de soutien op\u00e9rationnel au d\u00e9veloppement du Groupe.<\/p>\n\n\t\t<\/div>\n\t<\/div>\n<div class=\"vc_empty_space\"   style=\"height: 25px\"><span class=\"vc_empty_space_inner\"><\/span><\/div>\n\t<div class=\"wpb_text_column wpb_content_element \" >\n\t\t<div class=\"wpb_wrapper\">\n\t\t\t<p>Apr\u00e8s avoir particip\u00e9 localement au d\u00e9ploiement de la structure japonaise \u00e0 Tokyo en 2010 et 2011 puis en tant que membre du Board, Benjamin est revenu sur Paris pour g\u00e9rer diff\u00e9rents projets strat\u00e9giques du groupe Comgest tels que la mise en place d&rsquo;une table de trading centralis\u00e9e, la cr\u00e9ation d&rsquo;une entit\u00e9 aux U.S.A, le suivi des aspects fiscaux du groupe, etc&#8230;A partir de 2017, Benjamin prend les fonctions de \u00ab\u00a0Group Investment Operating Officer\u00a0\u00bb dont le r\u00f4le principal \u00e9tait d&rsquo;assurer le lien et la coordination entre les \u00e9quipes de Gestion, la Direction et les d\u00e9partements supports du Groupe.<\/p>\n\n\t\t<\/div>\n\t<\/div>\n<div class=\"vc_empty_space\"   style=\"height: 25px\"><span class=\"vc_empty_space_inner\"><\/span><\/div>\n\t<div class=\"wpb_text_column wpb_content_element \" >\n\t\t<div class=\"wpb_wrapper\">\n\t\t\t<p>Apr\u00e8s douze ann\u00e9es consacr\u00e9es \u00e0 accompagner Comgest dans son d\u00e9veloppement, Benjamin a d\u00e9cid\u00e9 de quitter le groupe en 2019 afin de s&rsquo;investir professionnellement dans le domaine caritatif et prendre les fonctions de responsable d&rsquo;une association reconnue d&rsquo;int\u00e9r\u00eat g\u00e9n\u00e9ral.<\/p>\n\n\t\t<\/div>\n\t<\/div>\n<div class=\"vc_empty_space\"   style=\"height: 25px\"><span class=\"vc_empty_space_inner\"><\/span><\/div>\n\t<div class=\"wpb_text_column wpb_content_element \" >\n\t\t<div class=\"wpb_wrapper\">\n\t\t\t<p>Ces quinze ann\u00e9es pass\u00e9es dans ces diff\u00e9rents r\u00f4les transverses lui ont permis d&rsquo;acqu\u00e9rir une connaissance approfondie du secteur de la gestion d&rsquo;actif et du management op\u00e9rationnel d&rsquo;une soci\u00e9t\u00e9. Benjamin souhaite aujourd&rsquo;hui mettre \u00e0 profit cette exp\u00e9rience pour Stabiho Investment Partners aupr\u00e8s de Charles et Wojciech dont il partage les valeurs.<\/p>\n\n\t\t<\/div>\n\t<\/div>\n<div class=\"vc_empty_space\"   style=\"height: 25px\"><span class=\"vc_empty_space_inner\"><\/span><\/div>\n\t<div class=\"wpb_text_column wpb_content_element \" >\n\t\t<div class=\"wpb_wrapper\">\n\t\t\t<p>Benjamin est titulaire d&rsquo;un double dipl\u00f4me de \u00ab\u00a0Master en Finance de March\u00e9s\u00a0\u00bb obtenu \u00e0 TBS Education et d&rsquo;un \u00ab\u00a0Master en Gestion et Strat\u00e9gie\u00a0\u00bb obtenu \u00e0 l&rsquo;Universit\u00e9 de Belgrano (Buenos Aires).<\/p>\n\n\t\t<\/div>\n\t<\/div>\n<div class=\"vc_empty_space\"   style=\"height: 25px\"><span class=\"vc_empty_space_inner\"><\/span><\/div>\n\t<div class=\"wpb_text_column wpb_content_element \" >\n\t\t<div class=\"wpb_wrapper\">\n\t\t\t<p>N\u00e9 en 1985 et marseillais, Benjamin est p\u00e8re de deux petits gar\u00e7ons. Durant son temps libre, il pratique le triathlon, d\u00e9couvre le travail de la c\u00e9ramique et poursuit ses activit\u00e9s caritatives.<\/p>\n\n\t\t<\/div>\n\t<\/div>\n<\/div><\/div><\/div><\/div><\/div><\/div>\n","protected":false},"excerpt":{"rendered":"Wojciech Stanislawski G\u00e9rant de portefeuille Wojciech a pass\u00e9 l\u2019essentiel de sa carri\u00e8re chez Comgest qu\u2019il a rejoint au d\u00e9but de 1999...","protected":false},"author":1,"featured_media":0,"parent":0,"menu_order":0,"comment_status":"closed","ping_status":"closed","template":"full-width.php","meta":{"om_disable_all_campaigns":false,"_monsterinsights_skip_tracking":false,"_monsterinsights_sitenote_active":false,"_monsterinsights_sitenote_note":"","_monsterinsights_sitenote_category":0,"_uf_show_specific_survey":0,"_uf_disable_surveys":false,"_themeisle_gutenberg_block_has_review":false,"footnotes":""},"class_list":["post-6047","page","type-page","status-publish","hentry"],"aioseo_notices":[],"_links":{"self":[{"href":"https:\/\/stabiho.com\/fr\/wp-json\/wp\/v2\/pages\/6047","targetHints":{"allow":["GET"]}}],"collection":[{"href":"https:\/\/stabiho.com\/fr\/wp-json\/wp\/v2\/pages"}],"about":[{"href":"https:\/\/stabiho.com\/fr\/wp-json\/wp\/v2\/types\/page"}],"author":[{"embeddable":true,"href":"https:\/\/stabiho.com\/fr\/wp-json\/wp\/v2\/users\/1"}],"replies":[{"embeddable":true,"href":"https:\/\/stabiho.com\/fr\/wp-json\/wp\/v2\/comments?post=6047"}],"version-history":[{"count":42,"href":"https:\/\/stabiho.com\/fr\/wp-json\/wp\/v2\/pages\/6047\/revisions"}],"predecessor-version":[{"id":7235,"href":"https:\/\/stabiho.com\/fr\/wp-json\/wp\/v2\/pages\/6047\/revisions\/7235"}],"wp:attachment":[{"href":"https:\/\/stabiho.com\/fr\/wp-json\/wp\/v2\/media?parent=6047"}],"curies":[{"name":"wp","href":"https:\/\/api.w.org\/{rel}","templated":true}]}}