{"id":6121,"date":"2022-10-19T18:55:24","date_gmt":"2022-10-19T18:55:24","guid":{"rendered":"http:\/\/sparta-gestion.com\/?page_id=6121"},"modified":"2023-10-23T07:27:36","modified_gmt":"2023-10-23T07:27:36","slug":"pourquoi-les-marches-emergent","status":"publish","type":"page","link":"https:\/\/stabiho.com\/fr\/pourquoi-les-marches-emergent","title":{"rendered":"Pourquoi les march\u00e9s \u00e9mergents ?"},"content":{"rendered":"<div class=\"vc_row wpb_row vc_row-fluid qodef-section vc_custom_1666205039971 qodef-content-aligment-left qodef-grid-section\" style=\"\"><div class=\"clearfix qodef-section-inner\"><div class=\"qodef-section-inner-margin clearfix\"><div class=\"wpb_column vc_column_container vc_col-sm-12 vc_col-lg-12 vc_col-md-12\"><div class=\"vc_column-inner\"><div class=\"wpb_wrapper\">\n\t<div class=\"wpb_text_column wpb_content_element \" >\n\t\t<div class=\"wpb_wrapper\">\n\t\t\t<p>Tout d\u2019abord, nous portons un int\u00e9r\u00eat naturel aux pays \u00e9mergents compte tenu de nos origines. De nationalit\u00e9 polonaise et v\u00e9n\u00e9zu\u00e9lienne respectivement, nous sommes tr\u00e8s proches de nos pays de naissance et observons avec attention leurs \u00e9volutions respectives sur le long terme. Ce sont donc nos racines qui nous ont pouss\u00e9 \u00e0 nous sp\u00e9cialiser sur les investissements dans le monde \u00e9mergent et qui nous permettent de comprendre les r\u00e9alit\u00e9s du terrain de l\u2019ordre \u00e9conomique, sociale ou politique, mieux que beaucoup d\u2019autres.<\/p>\n\n\t\t<\/div>\n\t<\/div>\n<div class=\"vc_empty_space\"   style=\"height: 25px\"><span class=\"vc_empty_space_inner\"><\/span><\/div><div class=\"qodef-separator-holder clearfix  qodef-separator-center qodef-separator-full-width\">\n\t<div class=\"qodef-separator\" style=\"border-color: #e7e7e7;border-style: solid;border-width: 1px\"><\/div>\n<\/div>\n<div class=\"vc_empty_space\"   style=\"height: 25px\"><span class=\"vc_empty_space_inner\"><\/span><\/div>\n\t<div class=\"wpb_text_column wpb_content_element \" >\n\t\t<div class=\"wpb_wrapper\">\n\t\t\t<h2>Nos objectifs<\/h2>\n\n\t\t<\/div>\n\t<\/div>\n<div class=\"vc_empty_space\"   style=\"height: 25px\"><span class=\"vc_empty_space_inner\"><\/span><\/div><div class=\"qodef-separator-holder clearfix  qodef-separator-center qodef-separator-full-width\">\n\t<div class=\"qodef-separator\" style=\"border-color: #e7e7e7;border-style: solid;border-width: 1px\"><\/div>\n<\/div>\n<div class=\"vc_empty_space\"   style=\"height: 25px\"><span class=\"vc_empty_space_inner\"><\/span><\/div>\n\t<div class=\"wpb_text_column wpb_content_element \" >\n\t\t<div class=\"wpb_wrapper\">\n\t\t\t<p>En raison de leur statut moins d\u00e9velopp\u00e9 et de la volont\u00e9 naturelle de leurs populations de profiter du \u00ab mode de vie occidental \u00bb, les \u00e9conomies \u00e9mergentes ont tendance \u00e0 cro\u00eetre de mani\u00e8re dynamique. L&rsquo;expansion et l&rsquo;aspiration de la classe moyenne, l&rsquo;am\u00e9lioration des infrastructures, l&rsquo;exportation de produits manufactur\u00e9s et de mati\u00e8res premi\u00e8res et l&rsquo;acc\u00e9l\u00e9ration de la capacit\u00e9 d&rsquo;innovation font partie des tendances cl\u00e9s qui sont \u00e0 la base de ce dynamisme.<\/p>\n\n\t\t<\/div>\n\t<\/div>\n<div class=\"vc_empty_space\"   style=\"height: 25px\"><span class=\"vc_empty_space_inner\"><\/span><\/div><div class=\"vc_empty_space\"   style=\"height: 25px\"><span class=\"vc_empty_space_inner\"><\/span><\/div>\n\t<div class=\"wpb_text_column wpb_content_element \" >\n\t\t<div class=\"wpb_wrapper\">\n\t\t\t<h3>Notre premier objectif est donc de capturer les nombreuses opportunit\u00e9s li\u00e9es \u00e0 la croissance et au d\u00e9veloppement des pays \u00e9mergents.<\/h3>\n\n\t\t<\/div>\n\t<\/div>\n<div class=\"vc_empty_space\"   style=\"height: 25px\"><span class=\"vc_empty_space_inner\"><\/span><\/div>\n\t<div class=\"wpb_text_column wpb_content_element \" >\n\t\t<div class=\"wpb_wrapper\">\n\t\t\t<p>La croissance des pays en d\u00e9veloppement s\u2019accompagne de cyclicit\u00e9 qui est inh\u00e9rente \u00e0 l&rsquo;\u00e9cosyst\u00e8me \u00e9mergent et qui est li\u00e9e principalement \u00e0 sa d\u00e9pendance aux financements externes. Historiquement, les march\u00e9s \u00e9mergents ont connu des phases \u201cd&rsquo;expansion &#8211; effondrement\/effondrement &#8211; expansion\u201d, chacun de ces cycles successifs durant g\u00e9n\u00e9ralement une dizaine d\u2019ann\u00e9es. Pour les investisseurs, ces cycles ont \u00e9t\u00e9 synonymes de grandes joies et de grandes souffrances. Le fonctionnement de la machine \u00e9mergente ne changera probablement pas \u00e0 l&rsquo;avenir, bien que ses m\u00e9canismes puissent \u00eatre quelque peu modifi\u00e9s en raison du r\u00f4le croissant de la Chine dans l&rsquo;\u00e9conomie mondiale. Par ailleurs, d\u2019autres insuffisances, de nature institutionnelle ou l\u00e9gale, augmentent le niveau de risque associ\u00e9 aux investissements \u00e9mergents.<\/p>\n\n\t\t<\/div>\n\t<\/div>\n<div class=\"vc_empty_space\"   style=\"height: 25px\"><span class=\"vc_empty_space_inner\"><\/span><\/div><div class=\"vc_empty_space\"   style=\"height: 25px\"><span class=\"vc_empty_space_inner\"><\/span><\/div>\n\t<div class=\"wpb_text_column wpb_content_element \" >\n\t\t<div class=\"wpb_wrapper\">\n\t\t\t<h3>Notre deuxi\u00e8me objectif est par cons\u00e9quent de r\u00e9duire les risques propres au monde \u00e9mergent et donc de prot\u00e9ger au mieux le capital de nos clients, gr\u00e2ce \u00e0 :<\/h3>\n\n\t\t<\/div>\n\t<\/div>\n<div class=\"vc_empty_space\"   style=\"height: 25px\"><span class=\"vc_empty_space_inner\"><\/span><\/div>\n\t<div class=\"wpb_text_column wpb_content_element \" >\n\t\t<div class=\"wpb_wrapper\">\n\t\t\t<ul>\n<li>une s\u00e9lection rigoureuse d&rsquo;entreprises de qualit\u00e9 pr\u00e9sentant des risques de mod\u00e8le \u00e9conomique inf\u00e9rieurs \u00e0 la moyenne<\/li>\n<li>une discipline de valorisation stricte<\/li>\n<li>une approche \u00e0 contre-courant de la construction de portefeuille<\/li>\n<li>ainsi que de la lecture du cycle \u00e9conomique et du cycle de liquidit\u00e9s des march\u00e9s \u00e9mergents.<\/li>\n<\/ul>\n\n\t\t<\/div>\n\t<\/div>\n<div class=\"vc_empty_space\"   style=\"height: 25px\"><span class=\"vc_empty_space_inner\"><\/span><\/div><div class=\"qodef-separator-holder clearfix  qodef-separator-center qodef-separator-full-width\">\n\t<div class=\"qodef-separator\" style=\"border-color: #e7e7e7;border-style: solid;border-width: 1px\"><\/div>\n<\/div>\n<div class=\"vc_empty_space\"   style=\"height: 25px\"><span class=\"vc_empty_space_inner\"><\/span><\/div>\n\t<div class=\"wpb_text_column wpb_content_element \" >\n\t\t<div class=\"wpb_wrapper\">\n\t\t\t<h2>Comment fonctionne la machine des march\u00e9s \u00e9mergents ?<\/h2>\n\n\t\t<\/div>\n\t<\/div>\n<div class=\"vc_empty_space\"   style=\"height: 25px\"><span class=\"vc_empty_space_inner\"><\/span><\/div><div class=\"qodef-separator-holder clearfix  qodef-separator-center qodef-separator-full-width\">\n\t<div class=\"qodef-separator\" style=\"border-color: #e7e7e7;border-style: solid;border-width: 1px\"><\/div>\n<\/div>\n<div class=\"vc_empty_space\"   style=\"height: 25px\"><span class=\"vc_empty_space_inner\"><\/span><\/div>\n\t<div  class=\"wpb_single_image wpb_content_element vc_align_left\">\n\t\t\n\t\t<figure class=\"wpb_wrapper vc_figure\">\n\t\t\t<div class=\"vc_single_image-wrapper   vc_box_border_grey\"><img loading=\"lazy\" decoding=\"async\" width=\"1202\" height=\"858\" src=\"https:\/\/stabiho.com\/wp-content\/uploads\/2023\/10\/Table-FR@1x.png\" class=\"vc_single_image-img attachment-full\" alt=\"\" title=\"Table FR@1x\" srcset=\"https:\/\/stabiho.com\/wp-content\/uploads\/2023\/10\/Table-FR@1x.png 1202w, https:\/\/stabiho.com\/wp-content\/uploads\/2023\/10\/Table-FR@1x-300x214.png 300w, https:\/\/stabiho.com\/wp-content\/uploads\/2023\/10\/Table-FR@1x-1024x731.png 1024w, https:\/\/stabiho.com\/wp-content\/uploads\/2023\/10\/Table-FR@1x-768x548.png 768w, https:\/\/stabiho.com\/wp-content\/uploads\/2023\/10\/Table-FR@1x-18x12.png 18w\" sizes=\"auto, (max-width: 1202px) 100vw, 1202px\" \/><\/div>\n\t\t<\/figure>\n\t<\/div>\n<\/div><\/div><\/div><\/div><\/div><\/div>\n","protected":false},"excerpt":{"rendered":"Tout d\u2019abord, nous portons un int\u00e9r\u00eat naturel aux pays \u00e9mergents compte tenu de nos origines. De nationalit\u00e9 polonaise et v\u00e9n\u00e9zu\u00e9lienne respectivement,...","protected":false},"author":1,"featured_media":0,"parent":0,"menu_order":0,"comment_status":"closed","ping_status":"closed","template":"full-width.php","meta":{"om_disable_all_campaigns":false,"_monsterinsights_skip_tracking":false,"_monsterinsights_sitenote_active":false,"_monsterinsights_sitenote_note":"","_monsterinsights_sitenote_category":0,"_uf_show_specific_survey":0,"_uf_disable_surveys":false,"_themeisle_gutenberg_block_has_review":false,"footnotes":""},"class_list":["post-6121","page","type-page","status-publish","hentry"],"aioseo_notices":[],"_links":{"self":[{"href":"https:\/\/stabiho.com\/fr\/wp-json\/wp\/v2\/pages\/6121","targetHints":{"allow":["GET"]}}],"collection":[{"href":"https:\/\/stabiho.com\/fr\/wp-json\/wp\/v2\/pages"}],"about":[{"href":"https:\/\/stabiho.com\/fr\/wp-json\/wp\/v2\/types\/page"}],"author":[{"embeddable":true,"href":"https:\/\/stabiho.com\/fr\/wp-json\/wp\/v2\/users\/1"}],"replies":[{"embeddable":true,"href":"https:\/\/stabiho.com\/fr\/wp-json\/wp\/v2\/comments?post=6121"}],"version-history":[{"count":23,"href":"https:\/\/stabiho.com\/fr\/wp-json\/wp\/v2\/pages\/6121\/revisions"}],"predecessor-version":[{"id":7109,"href":"https:\/\/stabiho.com\/fr\/wp-json\/wp\/v2\/pages\/6121\/revisions\/7109"}],"wp:attachment":[{"href":"https:\/\/stabiho.com\/fr\/wp-json\/wp\/v2\/media?parent=6121"}],"curies":[{"name":"wp","href":"https:\/\/api.w.org\/{rel}","templated":true}]}}