{"id":6135,"date":"2022-10-19T20:40:55","date_gmt":"2022-10-19T20:40:55","guid":{"rendered":"http:\/\/sparta-gestion.com\/?page_id=6135"},"modified":"2023-10-19T08:56:24","modified_gmt":"2023-10-19T08:56:24","slug":"qualite","status":"publish","type":"page","link":"https:\/\/stabiho.com\/fr\/qualite","title":{"rendered":"Qualit\u00e9"},"content":{"rendered":"<div class=\"vc_row wpb_row vc_row-fluid qodef-section vc_custom_1666214840375 qodef-content-aligment-left qodef-grid-section\" style=\"\"><div class=\"clearfix qodef-section-inner\"><div class=\"qodef-section-inner-margin clearfix\"><div class=\"wpb_column vc_column_container vc_col-sm-12\"><div class=\"vc_column-inner\"><div class=\"wpb_wrapper\">\n\t<div class=\"wpb_text_column wpb_content_element \" >\n\t\t<div class=\"wpb_wrapper\">\n\t\t\t<h3>Pour nous, la qualit\u00e9 d\u2019une entreprise se r\u00e9sume essentiellement \u00e0 sa franchise, sa solidit\u00e9 financi\u00e8re et celle de ses parties prenantes.<\/h3>\n\n\t\t<\/div>\n\t<\/div>\n<div class=\"vc_empty_space\"   style=\"height: 50px\"><span class=\"vc_empty_space_inner\"><\/span><\/div>\n\t<div class=\"wpb_text_column wpb_content_element \" >\n\t\t<div class=\"wpb_wrapper\">\n\t\t\t<p>La franchise rime avec des barri\u00e8res \u00e0 l\u2019entr\u00e9e qui prot\u00e8gent la croissance de l\u2019entreprise et sa capacit\u00e9 \u00e0 fixer les prix. L\u2019avantage concurrentiel peut provenir d\u2019une innovation constante, d\u2019une part de march\u00e9 d\u00e9j\u00e0 dominante, des effets d\u2019\u00e9chelle, de reconnaissance de la marque, des co\u00fbts de remplacement \u00e9lev\u00e9s ou d\u2019un savoir-faire accumul\u00e9. Une excellence op\u00e9rationnelle, bas\u00e9e sur une ex\u00e9cution disciplin\u00e9e de processus bien d\u00e9fini, peut aussi constituer une franchise.<\/p>\n\n\t\t<\/div>\n\t<\/div>\n<div class=\"vc_empty_space\"   style=\"height: 25px\"><span class=\"vc_empty_space_inner\"><\/span><\/div><div class=\"qodef-separator-holder clearfix  qodef-separator-center qodef-separator-full-width\">\n\t<div class=\"qodef-separator\" style=\"border-color: #e7e7e7;border-style: solid;border-width: 1px\"><\/div>\n<\/div>\n<div class=\"vc_empty_space\"   style=\"height: 25px\"><span class=\"vc_empty_space_inner\"><\/span><\/div>\n\t<div class=\"wpb_text_column wpb_content_element \" >\n\t\t<div class=\"wpb_wrapper\">\n\t\t\t<p>La solidit\u00e9 financi\u00e8re est un indicateur de rendements sup\u00e9rieurs produits par l\u2019entreprise historiquement et de sa capacit\u00e9 \u00e0 g\u00e9n\u00e9rer des flux de tr\u00e9sorerie exc\u00e9dentaire. Elle refl\u00e8te \u00e9galement la justesse des d\u00e9cisions pass\u00e9es des dirigeants. La solidit\u00e9 financi\u00e8re est donc l\u2019expression quantitative des avantages qualitatifs. Privil\u00e9gier des bilans avec un endettement limit\u00e9 est naturel dans ce contexte. De plus, s\u2019en tenir \u00e0 des bilans sains est particuli\u00e8rement important lorsque l\u2019environnement \u00e9conomique devient plus difficile. C\u2019est dans ces moments en effet que la diff\u00e9renciation entre bons et mauvais se fait.<\/p>\n\n\t\t<\/div>\n\t<\/div>\n<div class=\"vc_empty_space\"   style=\"height: 25px\"><span class=\"vc_empty_space_inner\"><\/span><\/div><div class=\"qodef-separator-holder clearfix  qodef-separator-center qodef-separator-full-width\">\n\t<div class=\"qodef-separator\" style=\"border-color: #e7e7e7;border-style: solid;border-width: 1px\"><\/div>\n<\/div>\n<div class=\"vc_empty_space\"   style=\"height: 25px\"><span class=\"vc_empty_space_inner\"><\/span><\/div>\n\t<div class=\"wpb_text_column wpb_content_element \" >\n\t\t<div class=\"wpb_wrapper\">\n\t\t\t<p>Aussi comp\u00e9tents et astucieux que puissent \u00eatre les dirigeants ou les actionnaires, ils ne peuvent pas \u00eatre la seule raison d\u2019investir dans une entreprise. A contrario, ils peuvent \u00eatre la seule cause de ne pas le faire. Au-del\u00e0 des capacit\u00e9s intellectuelles des individus, la motivation de l\u2019\u00e9quipe de direction et la vision strat\u00e9gique des actionnaires cl\u00e9s d\u00e9terminent le succ\u00e8s \u00e0 long terme de l\u2019entreprise. Il va sans dire que la qualit\u00e9 humaine, se d\u00e9finissant par l\u2019int\u00e9grit\u00e9, la transparence et l\u2019humilit\u00e9, est essentielle pour les minoritaires et toutes les autres parties prenantes qui interagissent avec l\u2019entreprise.<\/p>\n\n\t\t<\/div>\n\t<\/div>\n<div class=\"vc_empty_space\"   style=\"height: 25px\"><span class=\"vc_empty_space_inner\"><\/span><\/div><div class=\"qodef-separator-holder clearfix  qodef-separator-center qodef-separator-full-width\">\n\t<div class=\"qodef-separator\" style=\"border-color: #e7e7e7;border-style: solid;border-width: 1px\"><\/div>\n<\/div>\n<div class=\"vc_empty_space\"   style=\"height: 25px\"><span class=\"vc_empty_space_inner\"><\/span><\/div>\n\t<div class=\"wpb_text_column wpb_content_element \" >\n\t\t<div class=\"wpb_wrapper\">\n\t\t\t<p>Le temps, la recherche et l\u2019exp\u00e9rience sont absolument n\u00e9cessaires pour appr\u00e9hender la qualit\u00e9, en particulier lorsqu\u2019il s\u2019agit d\u2019entreprises plus petites ou plus jeunes. Il est facile de mal comprendre le mod\u00e8le \u00e9conomique d\u2019une entreprise, en particulier face \u00e0 un discours manag\u00e9rial format\u00e9 et souvent trop optimiste. Pour contrebalancer ce dernier, une dose de scepticisme et d\u2019esprit critique est n\u00e9cessaire.<\/p>\n\n\t\t<\/div>\n\t<\/div>\n<\/div><\/div><\/div><\/div><\/div><\/div>\n","protected":false},"excerpt":{"rendered":"Pour nous, la qualit\u00e9 d\u2019une entreprise se r\u00e9sume essentiellement \u00e0 sa franchise, sa solidit\u00e9 financi\u00e8re et celle de ses parties prenantes....","protected":false},"author":1,"featured_media":0,"parent":0,"menu_order":0,"comment_status":"closed","ping_status":"closed","template":"full-width.php","meta":{"om_disable_all_campaigns":false,"_monsterinsights_skip_tracking":false,"_monsterinsights_sitenote_active":false,"_monsterinsights_sitenote_note":"","_monsterinsights_sitenote_category":0,"_uf_show_specific_survey":0,"_uf_disable_surveys":false,"_themeisle_gutenberg_block_has_review":false,"footnotes":""},"class_list":["post-6135","page","type-page","status-publish","hentry"],"aioseo_notices":[],"_links":{"self":[{"href":"https:\/\/stabiho.com\/fr\/wp-json\/wp\/v2\/pages\/6135","targetHints":{"allow":["GET"]}}],"collection":[{"href":"https:\/\/stabiho.com\/fr\/wp-json\/wp\/v2\/pages"}],"about":[{"href":"https:\/\/stabiho.com\/fr\/wp-json\/wp\/v2\/types\/page"}],"author":[{"embeddable":true,"href":"https:\/\/stabiho.com\/fr\/wp-json\/wp\/v2\/users\/1"}],"replies":[{"embeddable":true,"href":"https:\/\/stabiho.com\/fr\/wp-json\/wp\/v2\/comments?post=6135"}],"version-history":[{"count":7,"href":"https:\/\/stabiho.com\/fr\/wp-json\/wp\/v2\/pages\/6135\/revisions"}],"predecessor-version":[{"id":7101,"href":"https:\/\/stabiho.com\/fr\/wp-json\/wp\/v2\/pages\/6135\/revisions\/7101"}],"wp:attachment":[{"href":"https:\/\/stabiho.com\/fr\/wp-json\/wp\/v2\/media?parent=6135"}],"curies":[{"name":"wp","href":"https:\/\/api.w.org\/{rel}","templated":true}]}}