{"id":6139,"date":"2022-10-19T20:42:20","date_gmt":"2022-10-19T20:42:20","guid":{"rendered":"http:\/\/sparta-gestion.com\/?page_id=6139"},"modified":"2026-02-09T08:17:29","modified_gmt":"2026-02-09T08:17:29","slug":"mentions-legales","status":"publish","type":"page","link":"https:\/\/stabiho.com\/fr\/mentions-legales","title":{"rendered":"Mentions l\u00e9gales et informations r\u00e9glementaires"},"content":{"rendered":"<div class=\"vc_row wpb_row vc_row-fluid qodef-section vc_custom_1666123854692 qodef-content-aligment-left qodef-grid-section\" style=\"\"><div class=\"clearfix qodef-section-inner\"><div class=\"qodef-section-inner-margin clearfix\"><div class=\"wpb_column vc_column_container vc_col-sm-12\"><div class=\"vc_column-inner\"><div class=\"wpb_wrapper\"><div class=\"qodef-separator-holder clearfix  qodef-separator-center qodef-separator-full-width\">\n\t<div class=\"qodef-separator\" style=\"border-color: #e7e7e7;border-style: solid;border-width: 2px\"><\/div>\n<\/div>\n\n\t<div class=\"wpb_text_column wpb_content_element \" >\n\t\t<div class=\"wpb_wrapper\">\n\t\t\t<h2><b>Mentions l\u00e9gales<\/b><\/h2>\n\n\t\t<\/div>\n\t<\/div>\n<div class=\"qodef-separator-holder clearfix  qodef-separator-center qodef-separator-full-width\">\n\t<div class=\"qodef-separator\" style=\"border-color: #e7e7e7;border-style: solid;border-width: 1px\"><\/div>\n<\/div>\n<div class=\"vc_empty_space\"   style=\"height: 25px\"><span class=\"vc_empty_space_inner\"><\/span><\/div>\n\t<div class=\"wpb_text_column wpb_content_element \" >\n\t\t<div class=\"wpb_wrapper\">\n\t\t\t<p>Le site www.stabiho.com est un site \u00e0 but strictement informatif. Toutes les informations disponibles sur le site ont un caract\u00e8re exclusivement indicatif. Il ne s\u2019agit pas d\u2019un site transactionnel.<\/p>\n<p>En aucun cas, les informations publi\u00e9es sur le site ne repr\u00e9sentent une offre de produits ou de services pouvant \u00eatre assimil\u00e9e \u00e0 un appel public \u00e0 l\u2019\u00e9pargne ou \u00e0 une activit\u00e9 de d\u00e9marchage ou de sollicitation \u00e0 l\u2019achat pour la vente d\u2019OPCVM. Elles ne constituent pas un conseil juridique ou fiscal et n\u2019ont aucune valeur l\u00e9gale ou contractuelle. Toute information est susceptible d\u2019\u00eatre modifi\u00e9e sans pr\u00e9avis.<\/p>\n<p>Les produits figurants sur le site ne peuvent \u00eatre souscrits que dans une juridiction o\u00f9 leur commercialisation et leur promotion sont autoris\u00e9es. Il est conseill\u00e9 \u00e0 toute personne int\u00e9ress\u00e9e de s&rsquo;assurer pr\u00e9alablement qu&rsquo;elle est juridiquement autoris\u00e9e \u00e0 souscrire des produits et\/ou des services pr\u00e9sent\u00e9s sur le site.<\/p>\n<p>Les performances pass\u00e9es ne pr\u00e9jugent pas des performances futures et ne sont pas constantes dans le temps.<\/p>\n<p>&nbsp;<\/p>\n<p>&nbsp;<\/p>\n<hr \/>\n<h4><strong>Informations juridiques concernant la soci\u00e9t\u00e9<\/strong><\/h4>\n<p>&nbsp;<\/p>\n<p>STABIHO INVESTMENT PARTNERS SAS est une soci\u00e9t\u00e9 par actions simplifi\u00e9e, au capital de 500 000 \u20ac, ayant son si\u00e8ge social au 73 rue Vaugirard, 75006 Paris. La soci\u00e9t\u00e9, enregistr\u00e9e au Registre du Commerce de Paris sous le n\u00b0 922 351 234 a \u00e9t\u00e9 agr\u00e9\u00e9e par l\u2019AMF (Autorit\u00e9 des March\u00e9s Financiers) le 20 f\u00e9vrier 2023, en tant que soci\u00e9t\u00e9 de gestion de portefeuille sous le n\u00b0 GP- 20230004.<\/p>\n<p>Adresse courriel : <a href=\"mailto:contact@stabiho.com\">contact@stabiho.com<\/a><\/p>\n<p>&nbsp;<\/p>\n<p>&nbsp;<\/p>\n<hr \/>\n<h4><strong>Propri\u00e9t\u00e9 du site, droits d\u2019auteurs et marques (copyrights)<\/strong><\/h4>\n<p>&nbsp;<\/p>\n<p>Ce site est la propri\u00e9t\u00e9 de Stabiho Investment Partners. Toute reproduction totale ou partielle du contenu de ce Site (dont logos, photographies, design, analyses, informations, donn\u00e9es, cours, \u00e9valuations ou autres) est interdite, sous r\u00e9serve d\u2019autorisation \u00e9crite pr\u00e9alable de Stabiho Investment Partners.<\/p>\n\n\t\t<\/div>\n\t<\/div>\n<div class=\"vc_empty_space\"   style=\"height: 35px\"><span class=\"vc_empty_space_inner\"><\/span><\/div><div class=\"qodef-separator-holder clearfix  qodef-separator-center qodef-separator-full-width\">\n\t<div class=\"qodef-separator\" style=\"border-color: #e7e7e7;border-style: solid;border-width: 2px\"><\/div>\n<\/div>\n\n\t<div class=\"wpb_text_column wpb_content_element \" >\n\t\t<div class=\"wpb_wrapper\">\n\t\t\t<h2><b>Informations r\u00e9glementaires<\/b><\/h2>\n\n\t\t<\/div>\n\t<\/div>\n<div class=\"qodef-separator-holder clearfix  qodef-separator-center qodef-separator-full-width\">\n\t<div class=\"qodef-separator\" style=\"border-color: #e7e7e7;border-style: solid;border-width: 1px\"><\/div>\n<\/div>\n<div class=\"vc_empty_space\"   style=\"height: 25px\"><span class=\"vc_empty_space_inner\"><\/span><\/div>\n\t<div class=\"wpb_text_column wpb_content_element \" >\n\t\t<div class=\"wpb_wrapper\">\n\t\t\t<h4><strong>Traitement des r\u00e9clamations<\/strong><\/h4>\n<p>&nbsp;<\/p>\n<p>Seules les demandes de r\u00e9clamations des clients \u00e0 l\u2019\u00e9gard de Stabiho\u00a0Investment Partners sont concern\u00e9es. Une r\u00e9clamation peut se d\u00e9finir comme \u00e9tant une d\u00e9claration actant du m\u00e9contentement d\u2019un client ou d\u2019un porteur de parts\/actionnaire. En revanche, une demande d\u2019information, d\u2019avis, de clarification, de service ou de prestation n\u2019est pas une r\u00e9clamation.<\/p>\n<p>Les r\u00e9clamations peuvent \u00eatre adress\u00e9es \u00e0 Stabiho\u00a0Investment Partners :<\/p>\n<ul>\n<li>Par courrier recommand\u00e9 \u00e0 l\u2019adresse suivante : Stabiho\u00a0Investment Partners &#8211; 73 Rue Vaugirard &#8211; 75006 PARIS ;<\/li>\n<li>Par courrier \u00e9lectronique \u00e0 l\u2019adresse suivante : <a href=\"mailto:bhottin@stabiho.com\">bhottin@stabiho.com<\/a>.<\/li>\n<\/ul>\n<p>&nbsp;<\/p>\n<p>Stabiho Investment Partners s\u2019engage \u00e0 accuser r\u00e9ception de toute r\u00e9clamation qu\u2019elle re\u00e7oit dans un d\u00e9lai maximum de dix jours ouvrables \u00e0 compter de la date d&rsquo;envoi de la r\u00e9clamation, sauf si la r\u00e9ponse elle-m\u00eame est apport\u00e9e dans ce d\u00e9lai. La demande sera trait\u00e9e dans un d\u00e9lai maximum de deux mois \u00e0 partir de la date d&rsquo;envoi.<\/p>\n<p>&nbsp;<\/p>\n<p>Si un client ou porteur de parts\/actionnaire n\u2019est pas satisfait de la r\u00e9ponse apport\u00e9e \u00e0 sa r\u00e9clamation, il peut recourir \u00e0 un m\u00e9diateur. A cet effet, il peut s\u2019adresser au M\u00e9diateur de l\u2019Autorit\u00e9 des March\u00e9s Financiers \u00e0 l\u2019adresse suivante :<\/p>\n<p>&nbsp;<\/p>\n<p>M\u00e9diateur de l&rsquo;AMF<\/p>\n<p>Autorit\u00e9 des March\u00e9s Financiers<\/p>\n<p>17 place de la Bourse<\/p>\n<p>75082 PARIS CEDEX 02<\/p>\n<p>&nbsp;<\/p>\n<p>En outre, un formulaire de demande de m\u00e9diation est disponible sur le site internet de l\u2019AMF :<\/p>\n<p><a href=\"http:\/\/www.amf-france.org\">www.amf-france.org<\/a><\/p>\n<p>&nbsp;<\/p>\n<p>Les proc\u00e9dures sont confidentielles, libres et non contraignantes. Chaque partie peut y mettre fin \u00e0 tout moment et conserve le droit de saisir la justice.<\/p>\n<p>Toutefois, avant d\u2019entrer en contact avec le M\u00e9diateur de l\u2019AMF, il est n\u00e9cessaire que le client ait pr\u00e9alablement fait part de sa r\u00e9clamation \u00e0 la personne en charge des r\u00e9clamations au sein de Stabiho\u00a0Investment Partners.<\/p>\n<p>&nbsp;<\/p>\n<p>&nbsp;<\/p>\n<hr \/>\n<h4><strong>Conflits d\u2019int\u00e9r\u00eats<\/strong><\/h4>\n<p>&nbsp;<\/p>\n<p>Stabiho Investment Partners a formalis\u00e9 une politique de gestion des conflits d\u2019int\u00e9r\u00eats et mis en place des dispositions sp\u00e9cifiques en termes d\u2019organisation (moyens et proc\u00e9dures) et de contr\u00f4le afin de pr\u00e9venir, identifier et g\u00e9rer les situations de conflits d\u2019int\u00e9r\u00eats pouvant porter atteinte aux int\u00e9r\u00eats de ses clients.<\/p>\n<p>&nbsp;<\/p>\n<p>N\u00e9anmoins, si d\u2019\u00e9ventuels conflits d\u2019int\u00e9r\u00eats apparaissent, ces derniers seront g\u00e9r\u00e9s dans l\u2019int\u00e9r\u00eat du client, c\u2019est-\u00e0-dire de mani\u00e8re \u00e9quitable et en lui d\u00e9livrant une information compl\u00e8te et adapt\u00e9e.<\/p>\n<p>Il est rappel\u00e9 que Stabiho Investment Partners est une soci\u00e9t\u00e9 de gestion ind\u00e9pendante dans le cadre de l\u2019exercice de ses activit\u00e9s.<\/p>\n<p>&nbsp;<\/p>\n<p>Ainsi Stabiho Investment Partners s\u2019autorise en fonction des situations de conflits d\u2019int\u00e9r\u00eats \u00e0 :<\/p>\n<ul>\n<li>r\u00e9aliser l\u2019activit\u00e9 ou l\u2019op\u00e9ration dans la mesure o\u00f9 l\u2019organisation permet de g\u00e9rer de mani\u00e8re appropri\u00e9e la situation de conflit d\u2019int\u00e9r\u00eats potentiel ;<\/li>\n<li>informer le client dans le cas o\u00f9 certains conflits d\u2019int\u00e9r\u00eats peuvent subsister et lui communiquer les informations n\u00e9cessaires sur leur nature et leur origine ;<\/li>\n<li>le cas \u00e9ch\u00e9ant, ne pas r\u00e9aliser l\u2019activit\u00e9 ou l\u2019op\u00e9ration amenant un conflit d\u2019int\u00e9r\u00eats.<\/li>\n<\/ul>\n<p>&nbsp;<\/p>\n<p>Stabiho Investment Partners se doit de g\u00e9rer tout conflit d\u2019int\u00e9r\u00eats, de sa d\u00e9tection jusqu\u2019\u00e0 son traitement appropri\u00e9. A ce titre Stabiho Investment Partners a mis en place une organisation permettant de :<\/p>\n<p>&nbsp;<\/p>\n<ul>\n<li><strong>pr\u00e9venir<\/strong> l\u2019apparition de conflits d\u2019int\u00e9r\u00eats, par une sensibilisation de l\u2019ensemble de son personnel aux r\u00e8gles et codes de bonne conduite interne et de place, et par la mise en place de r\u00e8gles et des proc\u00e9dures strictes :\n<ul>\n<li>mise en place d\u2019un syst\u00e8me de contr\u00f4le interne ;<\/li>\n<li>s\u00e9paration des fonctions pouvant g\u00e9n\u00e9rer d\u2019\u00e9ventuels conflits ;<\/li>\n<li>veiller en permanence \u00e0 ce que l\u2019offre des produits et services que Stabiho Investment Partners propose \u00e0 ses clients corresponde bien au profil et \u00e0 leurs attentes, et ne soit jamais en contradiction avec leurs int\u00e9r\u00eats ;<\/li>\n<li>enregistrement des conversations t\u00e9l\u00e9phoniques provenant des donneurs d\u2019ordres de Stabiho Investment Partners ;<\/li>\n<li>prohibition des op\u00e9rations \u00e0 titre personnel qui ne respecteraient pas les r\u00e8gles fix\u00e9es par l\u2019entreprise ;<\/li>\n<li>formation ou sensibilisation de l\u2019ensemble du personnel aux bonnes pratiques de la profession ;<\/li>\n<\/ul>\n<\/li>\n<\/ul>\n<p>&nbsp;<\/p>\n<ul>\n<li><strong>identifier<\/strong> les situations de conflits d\u2019int\u00e9r\u00eats pouvant porter atteinte aux int\u00e9r\u00eats des clients, par l\u2019\u00e9tablissement d\u2019une cartographie des risques de ces conflits d\u2019int\u00e9r\u00eats. Cette cartographie pr\u00e9cise activit\u00e9s ou op\u00e9rations pour lesquelles un conflit d\u2019int\u00e9r\u00eats est susceptible de se produire. Le dirigeant &#8211; RCCI de Stabiho Investment Partners a notamment pour mission de veiller \u00e0 la mise \u00e0 jour de cette cartographie ;<\/li>\n<\/ul>\n<p>&nbsp;<\/p>\n<ul>\n<li><strong>g\u00e9rer <\/strong>les situations de conflits d\u2019int\u00e9r\u00eats potentiels :\n<ul>\n<li>en informant de fa\u00e7on compl\u00e8te et objective les clients, en s\u2019interdisant d\u2019user d\u2019arguments tendancieux tout en signalant les contraintes et les risques associ\u00e9s \u00e0 certains produits ou \u00e0 certaines op\u00e9rations ;<\/li>\n<li>en imposant aux collaborateurs de d\u00e9clarer au dirigeant &#8211; RCCI les cadeaux et avantages per\u00e7us selon des r\u00e8gles fix\u00e9es par Stabiho Investment Partners ainsi que, d\u00e8s leur survenance, les situations de conflit d\u2019int\u00e9r\u00eats dans lesquelles ils pourraient se trouver, le cas \u00e9ch\u00e9ant.<\/li>\n<\/ul>\n<\/li>\n<\/ul>\n<p>&nbsp;<\/p>\n<p>Notre politique de pr\u00e9vention et de gestion des conflits d&rsquo;int\u00e9r\u00eats est disponible au si\u00e8ge de STABIHO INVESTMENT PARTNERS dans sa version int\u00e9grale et peut \u00eatre communiqu\u00e9e \u00e0 tout client ou prospect qui en ferait la demande par email \u00e0: contact@stabiho.com.<\/p>\n<p>&nbsp;<\/p>\n<hr \/>\n<h4><strong>R\u00e9mun\u00e9ration<\/strong><\/h4>\n<p>&nbsp;<\/p>\n<p>Stabiho\u00a0Investment Partners r\u00e9mun\u00e8re justement et d\u2019une mani\u00e8re coh\u00e9rente le travail fourni par l\u2019ensemble de ses salari\u00e9s, tout en gardant la p\u00e9rennit\u00e9 de la soci\u00e9t\u00e9 de gestion comme priorit\u00e9. Ainsi, les \u00e9l\u00e9ments de r\u00e9mun\u00e9ration se feront dans le bon respect de la sant\u00e9 financi\u00e8re de la soci\u00e9t\u00e9 et ne la mettront pas \u00e0 risque.<\/p>\n<p>A ce titre, la r\u00e9mun\u00e9ration fixe est en ad\u00e9quation avec le poste, le niveau de responsabilit\u00e9s et l\u2019exp\u00e9rience.<\/p>\n<p>La r\u00e9mun\u00e9ration variable va d\u00e9pendre dans un premier temps des ressources disponibles, \u00e0 savoir que celles-ci seront fonction des r\u00e9sultats de la soci\u00e9t\u00e9 et de ses besoins en fonds propres. Puis elle sera d\u00e9termin\u00e9e par un nombre de crit\u00e8res d\u00e9finissant les performances collectives et individuelles tant du point de vue quantitatif, comme la performance de fonds, les actifs lev\u00e9s aupr\u00e8s des clients ou le respect des contraintes l\u00e9gales et r\u00e9glementaires,\u00a0la satisfaction des clients\u00a0; que qualitatif, par exemple la bonne entente et la capacit\u00e9 de travail en \u00e9quipe.<\/p>\n<p>En aucun cas, la partie variable de la r\u00e9mun\u00e9ration ne doit conduire les salari\u00e9s \u00e0 une prise de risque inconsid\u00e9r\u00e9e et susceptible de porter pr\u00e9judice aux int\u00e9r\u00eats de la Stabiho\u00a0Investment Partners et\/ou de ses clients.<\/p>\n<p>La Politique de R\u00e9mun\u00e9ration de Stabiho Investment Partners est disponible sur notre site ici:\u00a0<a title=\"Politique de r\u00e9mun\u00e9ration Stabiho Investment Partners\" href=\"https:\/\/stabiho.com\/wp-content\/uploads\/2025\/02\/Stabiho_Politique-de-remuneration.pdf\" target=\"_blank\" rel=\"noopener\">https:\/\/stabiho.com\/wp-content\/uploads\/2025\/02\/Stabiho_Politique-de-remuneration.pdf<\/a><\/p>\n<p>&nbsp;<\/p>\n<hr \/>\n<h4><strong>S\u00e9lection des contreparties<\/strong><\/h4>\n<p>&nbsp;<\/p>\n<p>La politique de S\u00e9lection des contreparties a pour but de s\u00e9lectionner les brokers et contreparties auxquels Stabiho\u00a0Investment Partners a recours afin d\u2019obtenir le meilleur r\u00e9sultat possible pour ses clients.<\/p>\n<p>&nbsp;<\/p>\n<p>Les crit\u00e8res retenus tiennent compte des sp\u00e9cificit\u00e9s des march\u00e9 consid\u00e9r\u00e9s, notamment en mati\u00e8re de conditions de n\u00e9gociations, et s\u2019appuieront entre autres sur\u00a0la liste suivante non exhaustive\u00a0:<\/p>\n<ul>\n<li>Qualit\u00e9 de l\u2019ex\u00e9cution<\/li>\n<li>Situation financi\u00e8re de la contrepartie<\/li>\n<li>Qualit\u00e9 du traitement administratif<\/li>\n<li>Respect des r\u00e8gles LCB-FT<\/li>\n<li>Qualit\u00e9 de la relation globale avec l\u2019interm\u00e9diaire, y compris la qualit\u00e9 des informations de march\u00e9<\/li>\n<li>Co\u00fbt et s\u00e9curit\u00e9 du r\u00e8glement\/ livraison et qualit\u00e9 du traitement post-march\u00e9<\/li>\n<li>Co\u00fbt d\u2019ex\u00e9cution et prix.<\/li>\n<\/ul>\n<p>&nbsp;<\/p>\n<p>La surveillance de la qualit\u00e9 des contreparties se fait de mani\u00e8re continue et une revue p\u00e9riodique des crit\u00e8res ci-dessus a lieu une fois par an.<\/p>\n<p>La politique compl\u00e8te de meilleure s\u00e9lection, ex\u00e9cution et recherche est disponible sur simple demande aupr\u00e8s de Stabiho Investment Partners.<\/p>\n<p>&nbsp;<\/p>\n<p>&nbsp;<\/p>\n<hr \/>\n<h4><strong>Politique de vote et engagement actionnarial<\/strong><\/h4>\n<p>Notre politique compl\u00e8te d&rsquo;engagement actionnarial est disponible ici:\u00a0<a title=\"Politique d'engagement actionnarial\" href=\"https:\/\/stabiho.com\/wp-content\/uploads\/2025\/02\/Stabiho_Politique-dengagement-actionnarial.pdf\" target=\"_blank\" rel=\"noopener\">https:\/\/stabiho.com\/wp-content\/uploads\/2025\/02\/Stabiho_Politique-dengagement-actionnarial.pdf<\/a><\/p>\n<p>&nbsp;<\/p>\n<p>Concernant les votes, en tant qu\u2019actionnaire de long terme, Stabiho Investment Partners est consciente de la n\u00e9cessit\u00e9 d\u2019exercer ses obligations de vote. Contester certains comportements n\u00e9gatifs des entreprises, et en approuver d\u2019autres, positifs, \u00e0 travers le vote aux assembl\u00e9s, aide \u00e0 am\u00e9liorer la valeur des investissements de portefeuille dans la dur\u00e9e.<\/p>\n<p>&nbsp;<\/p>\n<p>Stabiho Investment Partners s\u2019engage \u00e0 participer aux votes \u00e0 condition de disposer de connaissance suffisante pour se prononcer avec conviction et fera tout son possible pour participer au maximum de suffrages des entreprises d\u00e9tenues dans son portefeuille.<\/p>\n<p>&nbsp;<\/p>\n<p>Stabiho\u00a0Investment Partners votera par procuration. Dans certaines circonstances, le vote par procuration peut s\u2019av\u00e9rer impossible, notamment lorsque ce service n\u2019existe pas pour certains pays \u00e9mergent ou lorsque l\u2019avis de vote a \u00e9t\u00e9 envoy\u00e9 avec un pr\u00e9avis trop court pour permettre \u00e0 Stabiho Investment Partners de voter. Lors de vote par procuration sur certains march\u00e9s, Stabiho Investment Partners peut \u00eatre limit\u00e9e par des probl\u00e9matiques sp\u00e9cifiques au pays ou \u00e0 la soci\u00e9t\u00e9 concern\u00e9e. Par exemple, certaines soci\u00e9t\u00e9s en portefeuille peuvent imposer un nombre maximum de procurations qu\u2019un actionnaire ext\u00e9rieur peut contr\u00f4ler. D\u2019autres exigent que toutes les r\u00e9solutions propos\u00e9es lors du conseil d\u2019administration soient vot\u00e9es \u00e0 main lev\u00e9e, plut\u00f4t qu\u2019\u00e0 bulletin secret.\u00a0 Les produits d\u2019acc\u00e8s au march\u00e9, qui peuvent \u00eatre utilis\u00e9s par les g\u00e9rants de Stabiho Investment Partners pour s\u2019exposer \u00e0 certains march\u00e9s \u00e0 acc\u00e8s difficile, ne donnent pas \u00e0 ces d\u00e9tenteurs le droit de vote. Ces restrictions peuvent avoir pour effet de limiter substantiellement la capacit\u00e9 de Stabiho\u00a0Investment Partners \u00e0 participer aux votes.<\/p>\n<p>&nbsp;<\/p>\n<p>Dans sa politique de vote, Stabiho\u00a0Investment Partners va s\u2019appuyer sur les principes suivants :<\/p>\n<p>1\/ agir dans l\u2019int\u00e9r\u00eat exclusif des actionnaires \u00e0 long terme<\/p>\n<p>2\/ s\u2019assurer que l\u2019entreprise concern\u00e9e respecte l\u2019ensemble de parties prenantes de son \u00e9cosyst\u00e8me<\/p>\n<p>3\/ s\u2019assurer que l\u2019entreprise concern\u00e9e agit en accord avec des lois et des r\u00e9glementations de gouvernance en vigueur<\/p>\n<p>4\/ promouvoir une forte \u00e9thique entrepreneuriale et soci\u00e9tale<\/p>\n<p>&nbsp;<\/p>\n<p>Parmi les r\u00e9solutions soumises au vote, Stabiho\u00a0Investment Partners s\u2019int\u00e9ressera notamment \u00e0 :<\/p>\n<ul>\n<li>les d\u00e9cisions entra\u00eenant une modification des statuts,<\/li>\n<li>l\u2019approbation des comptes, le paiement des dividendes et les d\u00e9cisions de rachat d\u2019actions propres,<\/li>\n<li>la nomination et la r\u00e9vocation des organes sociaux,<\/li>\n<li>les questions de gouvernement d\u2019entreprise avec accent particulier mis sur l\u2019existence des contrepouvoirs,<\/li>\n<li>les fusions et autres restructurations d\u2019entreprises,<\/li>\n<li>les modifications des structures de fonds propres, y compris l\u2019augmentation et la diminution du capital et l\u2019\u00e9mission d\u2019actions privil\u00e9gi\u00e9es, les options d\u2019achat d\u2019actions significatives,<\/li>\n<li>la r\u00e9mun\u00e9ration de la direction ou les questions relatives \u00e0 des plans d\u2019int\u00e9ressement,<\/li>\n<li>les consid\u00e9rations de responsabilit\u00e9 sociale et d\u2019entreprise.<\/li>\n<\/ul>\n<p>&nbsp;<\/p>\n<p>Pour accompagner sa d\u00e9cision, Stabiho\u00a0Investment Partners pourra se r\u00e9f\u00e9rer, si n\u00e9cessaire, aux principales recommandations de l\u2019AFG ou encore aux services des prestataires. Il est toutefois pr\u00e9cis\u00e9 que la Soci\u00e9t\u00e9 de gestion reste libre de son vote.<\/p>\n<p>Stabiho\u00a0Investment Partners est guid\u00e9e en permanence par le seul int\u00e9r\u00eat des actionnaires \u00e0 l\u2019exclusion de toute autre consid\u00e9ration.<\/p>\n<p>Dans tous les cas, Stabiho\u00a0Investment Partners conserve la trace de toutes ses d\u00e9cisions.<\/p>\n<p>&nbsp;<\/p>\n<p>&nbsp;<\/p>\n<hr \/>\n<h4><strong>Les \u00e9l\u00e9ments extra financiers<\/strong><\/h4>\n<p>Stabiho Investment Partners g\u00e8re un fonds qualifi\u00e9 Article 8 du r\u00e9glement SFDR. Par cons\u00e9quent nous prenons un certain nombre d&rsquo;\u00e9l\u00e9ments extra financiers en consid\u00e9ration dans notre processus d&rsquo;investissement. Le d\u00e9tail de ces \u00e9l\u00e9ments ainsi que de leur int\u00e9gration dans notre philosophie de gestion est disponible ici:\u00a0<a title=\"Article 10 SFDR\" href=\"https:\/\/stabiho.com\/wp-content\/uploads\/2025\/02\/Article-10-STABIHO_Jan-25.pdf\" target=\"_blank\" rel=\"noopener\">https:\/\/stabiho.com\/wp-content\/uploads\/2025\/02\/Article-10-STABIHO_Jan-25.pdf<\/a><\/p>\n<p>Plus de d\u00e9tail sont \u00e9galement disponibles dans notre document pr\u00e9-contractuel int\u00e9gr\u00e9 \u00e0 notre prospectus:\u00a0<a title=\"Prospectus Stabiho SICAV\" href=\"https:\/\/stabiho.com\/wp-content\/uploads\/2025\/02\/STABIHO-SICAV_prospectus_mars-2025.pdf\" target=\"_blank\" rel=\"noopener\">https:\/\/stabiho.com\/wp-content\/uploads\/2025\/02\/STABIHO-SICAV_prospectus_mars-2025.pdf<\/a><\/p>\n<p>Enfin, nous rappellons que, eu \u00e9gard aux dispositions r\u00e9glementaires \u00e9nonc\u00e9es au sein de l\u2019article 4 du r\u00e8glement SFDR, Stabiho Investment Partners a fait le choix, \u00e0 ce stade, de ne pas prendre en compte les principales incidences n\u00e9gatives des d\u00e9cisions d\u2019investissement en mati\u00e8re de risque de durabilit\u00e9 (PAI).<\/p>\n\n\t\t<\/div>\n\t<\/div>\n<div class=\"qodef-separator-holder clearfix  qodef-separator-center qodef-separator-full-width\">\n\t<div class=\"qodef-separator\" style=\"border-color: #e7e7e7;border-style: solid;border-width: 1px\"><\/div>\n<\/div>\n\n\t<div class=\"wpb_text_column wpb_content_element \" >\n\t\t<div class=\"wpb_wrapper\">\n\t\t\t\n\t\t<\/div>\n\t<\/div>\n<div class=\"vc_empty_space\"   style=\"height: 25px\"><span class=\"vc_empty_space_inner\"><\/span><\/div><\/div><\/div><\/div><\/div><\/div><\/div>\n","protected":false},"excerpt":{"rendered":"Mentions l\u00e9gales Le site www.stabiho.com est un site \u00e0 but strictement informatif. Toutes les informations disponibles sur le site ont un...","protected":false},"author":1,"featured_media":0,"parent":0,"menu_order":0,"comment_status":"closed","ping_status":"closed","template":"","meta":{"om_disable_all_campaigns":false,"_monsterinsights_skip_tracking":false,"_monsterinsights_sitenote_active":false,"_monsterinsights_sitenote_note":"","_monsterinsights_sitenote_category":0,"_uf_show_specific_survey":0,"_uf_disable_surveys":false,"_themeisle_gutenberg_block_has_review":false,"footnotes":""},"class_list":["post-6139","page","type-page","status-publish","hentry"],"aioseo_notices":[],"_links":{"self":[{"href":"https:\/\/stabiho.com\/fr\/wp-json\/wp\/v2\/pages\/6139","targetHints":{"allow":["GET"]}}],"collection":[{"href":"https:\/\/stabiho.com\/fr\/wp-json\/wp\/v2\/pages"}],"about":[{"href":"https:\/\/stabiho.com\/fr\/wp-json\/wp\/v2\/types\/page"}],"author":[{"embeddable":true,"href":"https:\/\/stabiho.com\/fr\/wp-json\/wp\/v2\/users\/1"}],"replies":[{"embeddable":true,"href":"https:\/\/stabiho.com\/fr\/wp-json\/wp\/v2\/comments?post=6139"}],"version-history":[{"count":67,"href":"https:\/\/stabiho.com\/fr\/wp-json\/wp\/v2\/pages\/6139\/revisions"}],"predecessor-version":[{"id":8435,"href":"https:\/\/stabiho.com\/fr\/wp-json\/wp\/v2\/pages\/6139\/revisions\/8435"}],"wp:attachment":[{"href":"https:\/\/stabiho.com\/fr\/wp-json\/wp\/v2\/media?parent=6139"}],"curies":[{"name":"wp","href":"https:\/\/api.w.org\/{rel}","templated":true}]}}