{"id":6744,"date":"2023-06-30T09:37:02","date_gmt":"2023-06-30T09:37:02","guid":{"rendered":"https:\/\/stabiho.com\/?page_id=6744"},"modified":"2026-04-01T08:44:07","modified_gmt":"2026-04-01T08:44:07","slug":"stabiho-emerging-markets-classe-z","status":"publish","type":"page","link":"https:\/\/stabiho.com\/fr\/stabiho-emerging-markets-classe-z","title":{"rendered":"Stabiho Emerging Markets Classe Z"},"content":{"rendered":"<div class=\"vc_row wpb_row vc_row-fluid qodef-section qodef-content-aligment-left qodef-grid-section\" style=\"\"><div class=\"clearfix qodef-section-inner\"><div class=\"qodef-section-inner-margin clearfix\"><div class=\"wpb_column vc_column_container vc_col-sm-12\"><div class=\"vc_column-inner\"><div class=\"wpb_wrapper\"><div class=\"vc_empty_space\"   style=\"height: 50px\"><span class=\"vc_empty_space_inner\"><\/span><\/div>\n\t<div class=\"wpb_text_column wpb_content_element \" >\n\t\t<div class=\"wpb_wrapper\">\n\t\t\t<h3><span style=\"color: #000000;\">La classe Z du compartiment Stabiho Emerging Markets est ouverte aux souscripteurs ayant pr\u00e9alablement conclu un accord avec la Soci\u00e9t\u00e9 de Gestion.<\/span><\/h3>\n<h4><\/h4>\n<p>&nbsp;<\/p>\n<h4><\/h4>\n<h3><span style=\"color: #000000;\">ISIN: FR001400GNA9<\/span><\/h3>\n\n\t\t<\/div>\n\t<\/div>\n<\/div><\/div><\/div><\/div><\/div><\/div><div class=\"vc_row wpb_row vc_row-fluid qodef-section vc_custom_1666123854692 qodef-content-aligment-left qodef-grid-section\" style=\"\"><div class=\"clearfix qodef-section-inner\"><div class=\"qodef-section-inner-margin clearfix\"><div class=\"wpb_column vc_column_container vc_col-sm-6\"><div class=\"vc_column-inner\"><div class=\"wpb_wrapper\"><div class=\"qodef-separator-holder clearfix  qodef-separator-center qodef-separator-full-width\">\n\t<div class=\"qodef-separator\" style=\"border-color: #e7e7e7;border-style: solid;border-width: 1px\"><\/div>\n<\/div>\n<div class=\"vc_empty_space\"   style=\"height: 25px\"><span class=\"vc_empty_space_inner\"><\/span><\/div>\n\t<div class=\"wpb_text_column wpb_content_element \" >\n\t\t<div class=\"wpb_wrapper\">\n\t\t\t<h3 style=\"text-align: center;\">Documentation:<\/h3>\n\n\t\t<\/div>\n\t<\/div>\n<div class=\"vc_empty_space\"   style=\"height: 25px\"><span class=\"vc_empty_space_inner\"><\/span><\/div>\n\t<div class=\"wpb_text_column wpb_content_element \" >\n\t\t<div class=\"wpb_wrapper\">\n\t\t\t<p style=\"text-align: center;\"><a href=\"https:\/\/stabiho.com\/wp-content\/uploads\/2026\/04\/VL-Stabiho-Emerging-Markets.pdf\" target=\"_blank\" rel=\"noopener\">VL Stabiho Emerging Markets<\/a><\/p>\n<p>&nbsp;<\/p>\n<p style=\"text-align: center;\"><a href=\"https:\/\/stabiho.com\/wp-content\/uploads\/2026\/01\/STABIHO-SICAV_prospectus_mars-2025.pdf\" target=\"_blank\" rel=\"noopener\">Prospectus STABIHO SICAV<\/a><\/p>\n<p>&nbsp;<\/p>\n<p style=\"text-align: center;\"><a href=\"https:\/\/stabiho.com\/wp-content\/uploads\/2025\/10\/DIC-PRIIPS_Stabiho-Emerging-Markets-Z.pdf\" target=\"_blank\" rel=\"noopener\">DIC PRIIPS_Stabiho Emerging Markets Z<\/a><\/p>\n<p>&nbsp;<\/p>\n<p style=\"text-align: center;\"><a href=\"https:\/\/stabiho.com\/wp-content\/uploads\/2025\/02\/Lettre-aux-porteurs_Modification-prospectus-Stabiho-EM_mars-2025.pdf\" target=\"_blank\" rel=\"noopener\">Lettre aux porteurs mars 2025<\/a><\/p>\n<p>&nbsp;<\/p>\n<p style=\"text-align: center;\"><a href=\"https:\/\/stabiho.com\/wp-content\/uploads\/2025\/09\/STABIHO-EMERGING-MARKETS_Rapport-annuel-2024.pdf\" target=\"_blank\" rel=\"noopener\">Rapport annuel 2024<\/a><\/p>\n<p>&nbsp;<\/p>\n<p style=\"text-align: center;\"><a href=\"https:\/\/stabiho.com\/wp-content\/uploads\/2025\/09\/Stabiho-EM_rapport-semestriel_S1-2025.pdf\" target=\"_blank\" rel=\"noopener\">Rapport semestriel S1 2025<\/a><\/p>\n<p>&nbsp;<\/p>\n<p style=\"text-align: center;\"><a href=\"https:\/\/stabiho.com\/wp-content\/uploads\/2026\/03\/Factsheet-Stabiho-Emerging-Markets-Action-Z-28-fevrier-2026.pdf\" target=\"_blank\" rel=\"noopener\">Rapport mensuel janvier 2026<\/a><\/p>\n\n\t\t<\/div>\n\t<\/div>\n<div class=\"vc_empty_space\"   style=\"height: 25px\"><span class=\"vc_empty_space_inner\"><\/span><\/div><\/div><\/div><\/div><div class=\"wpb_column vc_column_container vc_col-sm-6\"><div class=\"vc_column-inner\"><div class=\"wpb_wrapper\"><div class=\"qodef-separator-holder clearfix  qodef-separator-center qodef-separator-full-width\">\n\t<div class=\"qodef-separator\" style=\"border-color: #e7e7e7;border-style: solid;border-width: 1px\"><\/div>\n<\/div>\n<div class=\"vc_empty_space\"   style=\"height: 25px\"><span class=\"vc_empty_space_inner\"><\/span><\/div>\n\t<div class=\"wpb_text_column wpb_content_element \" >\n\t\t<div class=\"wpb_wrapper\">\n\t\t\t<h3 style=\"text-align: center;\">Comment souscrire:<\/h3>\n\n\t\t<\/div>\n\t<\/div>\n<div class=\"vc_empty_space\"   style=\"height: 25px\"><span class=\"vc_empty_space_inner\"><\/span><\/div>\n\t<div class=\"wpb_text_column wpb_content_element \" >\n\t\t<div class=\"wpb_wrapper\">\n\t\t\t<p>Vous pouvez souscrire dans le classe Z du fonds Stabiho Emerging Markets apr\u00e8s avoir pris contact avec nous et conclu un accord concernant les conditions d&rsquo;investissement.<\/p>\n<p>&nbsp;<\/p>\n<p>Le montant minimum de souscription initiale dans cette classe est d&rsquo;une action.<\/p>\n<p>&nbsp;<\/p>\n<p>Nous rappelons aux investisseurs souhaitant souscrire dans notre fonds qu&rsquo;ils doivent pr\u00e9alablement avoir pris connaissance des documents r\u00e9glementaires en vigueur disponible plus haut.<\/p>\n\n\t\t<\/div>\n\t<\/div>\n<div class=\"vc_empty_space\"   style=\"height: 25px\"><span class=\"vc_empty_space_inner\"><\/span><\/div><\/div><\/div><\/div><\/div><\/div><\/div>\n","protected":false},"excerpt":{"rendered":"La classe Z du compartiment Stabiho Emerging Markets est ouverte aux souscripteurs ayant pr\u00e9alablement conclu un accord avec la Soci\u00e9t\u00e9 de...","protected":false},"author":1,"featured_media":0,"parent":0,"menu_order":0,"comment_status":"closed","ping_status":"closed","template":"full-width.php","meta":{"om_disable_all_campaigns":false,"_monsterinsights_skip_tracking":false,"_monsterinsights_sitenote_active":false,"_monsterinsights_sitenote_note":"","_monsterinsights_sitenote_category":0,"_uf_show_specific_survey":0,"_uf_disable_surveys":false,"_themeisle_gutenberg_block_has_review":false,"footnotes":""},"class_list":["post-6744","page","type-page","status-publish","hentry"],"aioseo_notices":[],"_links":{"self":[{"href":"https:\/\/stabiho.com\/fr\/wp-json\/wp\/v2\/pages\/6744","targetHints":{"allow":["GET"]}}],"collection":[{"href":"https:\/\/stabiho.com\/fr\/wp-json\/wp\/v2\/pages"}],"about":[{"href":"https:\/\/stabiho.com\/fr\/wp-json\/wp\/v2\/types\/page"}],"author":[{"embeddable":true,"href":"https:\/\/stabiho.com\/fr\/wp-json\/wp\/v2\/users\/1"}],"replies":[{"embeddable":true,"href":"https:\/\/stabiho.com\/fr\/wp-json\/wp\/v2\/comments?post=6744"}],"version-history":[{"count":144,"href":"https:\/\/stabiho.com\/fr\/wp-json\/wp\/v2\/pages\/6744\/revisions"}],"predecessor-version":[{"id":8515,"href":"https:\/\/stabiho.com\/fr\/wp-json\/wp\/v2\/pages\/6744\/revisions\/8515"}],"wp:attachment":[{"href":"https:\/\/stabiho.com\/fr\/wp-json\/wp\/v2\/media?parent=6744"}],"curies":[{"name":"wp","href":"https:\/\/api.w.org\/{rel}","templated":true}]}}