{"id":6772,"date":"2023-06-30T09:35:15","date_gmt":"2023-06-30T09:35:15","guid":{"rendered":"https:\/\/stabiho.com\/?page_id=6772"},"modified":"2025-04-15T08:17:26","modified_gmt":"2025-04-15T08:17:26","slug":"stabiho-emerging-markets","status":"publish","type":"page","link":"https:\/\/stabiho.com\/fr\/stabiho-emerging-markets","title":{"rendered":"Stabiho Emerging Markets"},"content":{"rendered":"<div class=\"vc_row wpb_row vc_row-fluid qodef-section qodef-content-aligment-left qodef-grid-section\" style=\"\"><div class=\"clearfix qodef-section-inner\"><div class=\"qodef-section-inner-margin clearfix\"><div class=\"wpb_column vc_column_container vc_col-sm-12\"><div class=\"vc_column-inner\"><div class=\"wpb_wrapper\"><div class=\"vc_empty_space\"   style=\"height: 35px\"><span class=\"vc_empty_space_inner\"><\/span><\/div>\n\t<div class=\"wpb_text_column wpb_content_element \" >\n\t\t<div class=\"wpb_wrapper\">\n\t\t\t<h4><span style=\"color: #000000;\">Stabiho Emerging Markets est un compartiment d&rsquo;une SICAV agr\u00e9\u00e9e par l&rsquo;AMF sous le n\u00b0SCV20230015<\/span><\/h4>\n<p>&nbsp;<\/p>\n<h4><span style=\"color: #000000;\">Ce fonds est g\u00e9r\u00e9 de mani\u00e8re active et investit dans des actions \u00e9mergentes de toute taille et de tout secteur \u00e9conomique, en \u00e9tant affranchi de toute contrainte de suivi de l\u2019indice.<\/span><\/h4>\n\n\t\t<\/div>\n\t<\/div>\n<\/div><\/div><\/div><\/div><\/div><\/div><div class=\"vc_row wpb_row vc_row-fluid qodef-section vc_custom_1688114176283 qodef-content-aligment-left qodef-grid-section\" style=\"\"><div class=\"clearfix qodef-section-inner\"><div class=\"qodef-section-inner-margin clearfix\"><div class=\"wpb_column vc_column_container vc_col-sm-8\"><div class=\"vc_column-inner\"><div class=\"wpb_wrapper\"><div class=\"qodef-separator-holder clearfix  qodef-separator-center qodef-separator-full-width\">\n\t<div class=\"qodef-separator\" style=\"border-color: #e7e7e7;border-style: solid;border-width: 1px\"><\/div>\n<\/div>\n<div class=\"vc_empty_space\"   style=\"height: 35px\"><span class=\"vc_empty_space_inner\"><\/span><\/div>\n\t<div class=\"wpb_text_column wpb_content_element \" >\n\t\t<div class=\"wpb_wrapper\">\n\t\t\t<h3>Notre offre de classes:<\/h3>\n\n\t\t<\/div>\n\t<\/div>\n<div class=\"vc_empty_space\"   style=\"height: 25px\"><span class=\"vc_empty_space_inner\"><\/span><\/div>\n\t<div class=\"wpb_text_column wpb_content_element \" >\n\t\t<div class=\"wpb_wrapper\">\n\t\t\t<h6><span style=\"color: #000000;\">Afin de r\u00e9pondre aux diff\u00e9rentes contraintes de nos clients, nous avons cr\u00e9\u00e9 cinq classes pour ce compartiment:<\/span><\/h6>\n<p>&nbsp;<\/p>\n<ul>\n<li><span style=\"color: #000000;\">Pour les investisseurs particuliers:<\/span> <a href=\"https:\/\/stabiho.com\/fr\/stabiho-emerging-markets-classe-p\">Stabiho Emerging Markets P<\/a><\/li>\n<\/ul>\n<p>&nbsp;<\/p>\n<ul>\n<li><span style=\"color: #000000;\">Pour les investisseurs institutionnels<\/span>: Stabiho Emerging Markets I<\/li>\n<\/ul>\n<p>&nbsp;<\/p>\n<ul>\n<li><span style=\"color: #000000;\">Pour nos premiers clients, une classe \u00e0 taux r\u00e9duit ouverte uniquement la 1\u00e8re ann\u00e9e du fonds<\/span> : <a href=\"https:\/\/stabiho.com\/fr\/stabiho-emerging-markets-classe-s\" target=\"_blank\" rel=\"noopener\">Stabiho Emerging Markets S<\/a><\/li>\n<\/ul>\n<p>&nbsp;<\/p>\n<ul>\n<li><span style=\"color: #000000;\">Pour les CGP, les plateformes, les distributeurs<\/span>: Stabiho Emerging Markets R<\/li>\n<\/ul>\n<p>&nbsp;<\/p>\n<ul>\n<li><span style=\"color: #000000;\">Pour le sur-mesure:<\/span> <a href=\"https:\/\/stabiho.com\/fr\/stabiho-emerging-markets-classe-z\">Stabiho Emerging Markets Z<\/a><\/li>\n<\/ul>\n\n\t\t<\/div>\n\t<\/div>\n<div class=\"vc_empty_space\"   style=\"height: 25px\"><span class=\"vc_empty_space_inner\"><\/span><\/div><\/div><\/div><\/div><div class=\"wpb_column vc_column_container vc_col-sm-4\"><div class=\"vc_column-inner\"><div class=\"wpb_wrapper\"><div class=\"qodef-separator-holder clearfix  qodef-separator-center qodef-separator-full-width\">\n\t<div class=\"qodef-separator\" style=\"border-color: #e7e7e7;border-style: solid;border-width: 1px\"><\/div>\n<\/div>\n<div class=\"vc_empty_space\"   style=\"height: 35px\"><span class=\"vc_empty_space_inner\"><\/span><\/div>\n\t<div class=\"wpb_text_column wpb_content_element \" >\n\t\t<div class=\"wpb_wrapper\">\n\t\t\t<h3 style=\"text-align: center;\">Documentation:<\/h3>\n\n\t\t<\/div>\n\t<\/div>\n<div class=\"vc_empty_space\"   style=\"height: 25px\"><span class=\"vc_empty_space_inner\"><\/span><\/div>\n\t<div class=\"wpb_text_column wpb_content_element \" >\n\t\t<div class=\"wpb_wrapper\">\n\t\t\t<p style=\"text-align: center;\"><a href=\"https:\/\/stabiho.com\/wp-content\/uploads\/2025\/02\/STABIHO-SICAV_prospectus_mars-2025.pdf\" target=\"_blank\" rel=\"noopener\">Prospectus STABIHO SICAV<\/a><\/p>\n<p>&nbsp;<\/p>\n<p style=\"text-align: center;\"><a href=\"https:\/\/stabiho.com\/wp-content\/uploads\/2025\/02\/Lettre-aux-porteurs_Modification-prospectus-Stabiho-EM_mars-2025.pdf\" target=\"_blank\" rel=\"noopener\">Lettre aux porteurs f\u00e9vrier 2025<\/a><\/p>\n\n\t\t<\/div>\n\t<\/div>\n<\/div><\/div><\/div><\/div><\/div><\/div>\n","protected":false},"excerpt":{"rendered":"Stabiho Emerging Markets est un compartiment d'une SICAV agr\u00e9\u00e9e par l'AMF sous le n\u00b0SCV20230015 &nbsp; Ce fonds est g\u00e9r\u00e9 de mani\u00e8re...","protected":false},"author":1,"featured_media":0,"parent":0,"menu_order":0,"comment_status":"closed","ping_status":"closed","template":"full-width.php","meta":{"om_disable_all_campaigns":false,"_monsterinsights_skip_tracking":false,"_monsterinsights_sitenote_active":false,"_monsterinsights_sitenote_note":"","_monsterinsights_sitenote_category":0,"_uf_show_specific_survey":0,"_uf_disable_surveys":false,"_themeisle_gutenberg_block_has_review":false,"footnotes":""},"class_list":["post-6772","page","type-page","status-publish","hentry"],"aioseo_notices":[],"_links":{"self":[{"href":"https:\/\/stabiho.com\/fr\/wp-json\/wp\/v2\/pages\/6772","targetHints":{"allow":["GET"]}}],"collection":[{"href":"https:\/\/stabiho.com\/fr\/wp-json\/wp\/v2\/pages"}],"about":[{"href":"https:\/\/stabiho.com\/fr\/wp-json\/wp\/v2\/types\/page"}],"author":[{"embeddable":true,"href":"https:\/\/stabiho.com\/fr\/wp-json\/wp\/v2\/users\/1"}],"replies":[{"embeddable":true,"href":"https:\/\/stabiho.com\/fr\/wp-json\/wp\/v2\/comments?post=6772"}],"version-history":[{"count":63,"href":"https:\/\/stabiho.com\/fr\/wp-json\/wp\/v2\/pages\/6772\/revisions"}],"predecessor-version":[{"id":8014,"href":"https:\/\/stabiho.com\/fr\/wp-json\/wp\/v2\/pages\/6772\/revisions\/8014"}],"wp:attachment":[{"href":"https:\/\/stabiho.com\/fr\/wp-json\/wp\/v2\/media?parent=6772"}],"curies":[{"name":"wp","href":"https:\/\/api.w.org\/{rel}","templated":true}]}}