{"id":7346,"date":"2024-04-12T09:10:17","date_gmt":"2024-04-12T09:10:17","guid":{"rendered":"https:\/\/stabiho.com\/?page_id=7346"},"modified":"2026-03-17T14:58:33","modified_gmt":"2026-03-17T14:58:33","slug":"le-podcast-stabiho","status":"publish","type":"page","link":"https:\/\/stabiho.com\/fr\/le-podcast-stabiho","title":{"rendered":"Le podcast"},"content":{"rendered":"<div class=\"vc_row wpb_row vc_row-fluid qodef-section qodef-content-aligment-left qodef-grid-section\" style=\"\"><div class=\"clearfix qodef-section-inner\"><div class=\"qodef-section-inner-margin clearfix\"><div class=\"wpb_column vc_column_container vc_col-sm-12\"><div class=\"vc_column-inner\"><div class=\"wpb_wrapper\"><div class=\"vc_empty_space\"   style=\"height: 20px\"><span class=\"vc_empty_space_inner\"><\/span><\/div><\/div><\/div><\/div><\/div><\/div><\/div><div class=\"vc_row wpb_row vc_row-fluid qodef-section vc_custom_1688114176283 qodef-content-aligment-left qodef-grid-section\" style=\"\"><div class=\"clearfix qodef-section-inner\"><div class=\"qodef-section-inner-margin clearfix\"><div class=\"wpb_column vc_column_container vc_col-sm-12\"><div class=\"vc_column-inner\"><div class=\"wpb_wrapper\">\n\t<div class=\"wpb_text_column wpb_content_element \" >\n\t\t<div class=\"wpb_wrapper\">\n\t\t\t<h3><span style=\"color: #0077b8;\"><a style=\"color: #0077b8;\" href=\"https:\/\/stabiho.com\/wp-content\/uploads\/2024\/04\/Stabiho-podcast-mars-24.mp3\" target=\"_blank\" rel=\"noopener\">Podcast mars 2024: revue du fonds et focus sur les services p\u00e9troliers<\/a><\/span><\/h3>\n<p>&nbsp;<\/p>\n<h3><span style=\"color: #0077b8;\"><a style=\"color: #0077b8;\" href=\"https:\/\/stabiho.com\/wp-content\/uploads\/2024\/05\/Stabiho-Podcast-Avril-24.mp3\" target=\"_blank\" rel=\"noopener\">Podcast avril 2024: revue du fonds et petit tour du c\u00f4t\u00e9 du P\u00e9rou<\/a><\/span><\/h3>\n<p>&nbsp;<\/p>\n<h3><span style=\"color: #0077b8;\"><a style=\"color: #0077b8;\" href=\"https:\/\/stabiho.com\/wp-content\/uploads\/2024\/06\/Stabiho-podcast-3-Mai-24.mp3\" target=\"_blank\" rel=\"noopener\">Podcast mai 2024: une d\u00e9valuation du yuan est-elle cr\u00e9dible?<\/a><\/span><\/h3>\n<p>&nbsp;<\/p>\n<h3><span style=\"color: #0077b8;\"><a style=\"color: #0077b8;\" href=\"https:\/\/stabiho.com\/wp-content\/uploads\/2024\/09\/Stabiho-podcast-4-Septembre-24.mp3\" target=\"_blank\" rel=\"noopener\">Podcast septembre 2024: quelles sont nos projections pour les march\u00e9s dans les prochains mois?<\/a><\/span><\/h3>\n<p>&nbsp;<\/p>\n<h3><span style=\"color: #0077b8;\"><a style=\"color: #0077b8;\" href=\"https:\/\/stabiho.com\/wp-content\/uploads\/2024\/11\/Stabiho-Podcast-5-Novembre-24.mp3\" target=\"_blank\" rel=\"noopener\">Podcast novembre 2024: Match Inde vs. Chine!<\/a><\/span><\/h3>\n<p>&nbsp;<\/p>\n<h3><span style=\"color: #0077b8;\"><a style=\"color: #0077b8;\" href=\"https:\/\/stabiho.com\/wp-content\/uploads\/2024\/12\/Stabiho-Podcast-6-Decembre-24.mp3\" target=\"_blank\" rel=\"noopener\">Podcast d\u00e9cembre 2024: sujet surprise \ud83d\ude42<\/a><\/span><\/h3>\n<p>&nbsp;<\/p>\n<h3><span style=\"color: #0077b8;\"><a style=\"color: #0077b8;\" href=\"https:\/\/stabiho.com\/wp-content\/uploads\/2025\/01\/Stabiho-Podcast-7-janvier-2025.mp3\" target=\"_blank\" rel=\"noopener\">Podcast janvier 2025: le march\u00e9 chinois est-il vraiment attractif?<\/a><\/span><\/h3>\n<p>&nbsp;<\/p>\n<h3><span style=\"color: #0077b8;\"><a style=\"color: #0077b8;\" href=\"https:\/\/stabiho.com\/wp-content\/uploads\/2025\/02\/Podcast-8-Janvier-2025.mp3\" target=\"_blank\" rel=\"noopener\">Podcast f\u00e9vrier 2025: que penser du march\u00e9 indien?<\/a><\/span><\/h3>\n<p>&nbsp;<\/p>\n<h3><span style=\"color: #0077b8;\"><a style=\"color: #0077b8;\" href=\"https:\/\/stabiho.com\/wp-content\/uploads\/2025\/03\/Podcast-9-Fevrier-2025.mp3\" target=\"_blank\" rel=\"noopener\">Podcast mars 2025: focus sur les annonces de r\u00e9sultats de Singtel, CCU, Yum China! et Odontoprev<\/a><\/span><\/h3>\n<p>&nbsp;<\/p>\n<h3><span style=\"color: #0077b8;\"><a style=\"color: #0077b8;\" href=\"https:\/\/stabiho.com\/wp-content\/uploads\/2025\/05\/Podcast-Stabiho-10-avril-2025.mp3\" target=\"_blank\" rel=\"noopener\">Podcast mai 2025: sommes-nous en train d&rsquo;assister au d\u00e9but d&rsquo;une \u00ab\u00a0Pax Asiatica\u00a0\u00bb?<\/a><\/span><\/h3>\n<p>&nbsp;<\/p>\n<h3><span style=\"color: #0077b8;\"><a style=\"color: #0077b8;\" href=\"https:\/\/stabiho.com\/wp-content\/uploads\/2025\/06\/Podcast-Stabiho-11-juin-2025.mp3\" target=\"_blank\" rel=\"noopener\">Podcast juin 2025: mais que sont devenus les \u00ab\u00a0tigres asiatiques\u00a0\u00bb?<\/a><\/span><\/h3>\n<p>&nbsp;<\/p>\n<h3><span style=\"color: #0077b8;\"><a style=\"color: #0077b8;\" href=\"https:\/\/stabiho.com\/wp-content\/uploads\/2025\/09\/Podcast-Stabiho-12-septembre-2025.mp3\" target=\"_blank\" rel=\"noopener\">Podcast septembre 2025: retour sur les principales annonces de r\u00e9sultats de l&rsquo;\u00e9t\u00e9<\/a><\/span><\/h3>\n<p>&nbsp;<\/p>\n<h3><span style=\"color: #0077b8;\"><a style=\"color: #0077b8;\" href=\"https:\/\/stabiho.com\/wp-content\/uploads\/2025\/11\/Podcast-Stabiho-13-Novembre-2025.mp3\" target=\"_blank\" rel=\"noopener\">Podcast novembre 2025: l&rsquo;actualit\u00e9 politique en Am\u00e9rique Latine et en Indon\u00e9sie<\/a><\/span><\/h3>\n<p>&nbsp;<\/p>\n<h3><span style=\"color: #0077b8;\"><a style=\"color: #0077b8;\" href=\"https:\/\/stabiho.com\/wp-content\/uploads\/2026\/02\/Stabiho-Podcast-14_Fevrier-2026.mp3\" target=\"_blank\" rel=\"noopener\">Podcast f\u00e9vrier 2026: retour sur l&rsquo;actualit\u00e9 des march\u00e9s du d\u00e9but d&rsquo;ann\u00e9e et sur les mouvements de notre fonds\u00a0<\/a><\/span><\/h3>\n<p>&nbsp;<\/p>\n<h3><span style=\"color: #0077b8;\"><a style=\"color: #0077b8;\" href=\"https:\/\/stabiho.com\/wp-content\/uploads\/2026\/03\/Stabiho-Podcast-15_mars-2026.mp3\" target=\"_blank\" rel=\"noopener\">Podcast mars 2026: retour sur les cons\u00e9quences de la guerre en Iran et analyse des performances de notre fonds\u00a0<\/a><\/span><\/h3>\n\n\t\t<\/div>\n\t<\/div>\n<div class=\"vc_empty_space\"   style=\"height: 25px\"><span class=\"vc_empty_space_inner\"><\/span><\/div><div class=\"qodef-separator-holder clearfix  qodef-separator-center qodef-separator-full-width\">\n\t<div class=\"qodef-separator\" style=\"border-color: #e7e7e7;border-style: solid;border-width: 1px\"><\/div>\n<\/div>\n<\/div><\/div><\/div><\/div><\/div><\/div>\n","protected":false},"excerpt":{"rendered":"Podcast mars 2024: revue du fonds et focus sur les services p\u00e9troliers &nbsp; Podcast avril 2024: revue du fonds et petit...","protected":false},"author":1,"featured_media":0,"parent":0,"menu_order":0,"comment_status":"closed","ping_status":"closed","template":"full-width.php","meta":{"om_disable_all_campaigns":false,"_monsterinsights_skip_tracking":false,"_monsterinsights_sitenote_active":false,"_monsterinsights_sitenote_note":"","_monsterinsights_sitenote_category":0,"_uf_show_specific_survey":0,"_uf_disable_surveys":false,"_themeisle_gutenberg_block_has_review":false,"footnotes":""},"class_list":["post-7346","page","type-page","status-publish","hentry"],"aioseo_notices":[],"_links":{"self":[{"href":"https:\/\/stabiho.com\/fr\/wp-json\/wp\/v2\/pages\/7346","targetHints":{"allow":["GET"]}}],"collection":[{"href":"https:\/\/stabiho.com\/fr\/wp-json\/wp\/v2\/pages"}],"about":[{"href":"https:\/\/stabiho.com\/fr\/wp-json\/wp\/v2\/types\/page"}],"author":[{"embeddable":true,"href":"https:\/\/stabiho.com\/fr\/wp-json\/wp\/v2\/users\/1"}],"replies":[{"embeddable":true,"href":"https:\/\/stabiho.com\/fr\/wp-json\/wp\/v2\/comments?post=7346"}],"version-history":[{"count":28,"href":"https:\/\/stabiho.com\/fr\/wp-json\/wp\/v2\/pages\/7346\/revisions"}],"predecessor-version":[{"id":8497,"href":"https:\/\/stabiho.com\/fr\/wp-json\/wp\/v2\/pages\/7346\/revisions\/8497"}],"wp:attachment":[{"href":"https:\/\/stabiho.com\/fr\/wp-json\/wp\/v2\/media?parent=7346"}],"curies":[{"name":"wp","href":"https:\/\/api.w.org\/{rel}","templated":true}]}}